{"id":1309,"date":"2022-10-18T20:55:47","date_gmt":"2022-10-18T18:55:47","guid":{"rendered":"https:\/\/chaletsavoie.net\/?page_id=1309"},"modified":"2023-05-22T21:59:36","modified_gmt":"2023-05-22T19:59:36","slug":"les-chalets-dheidi-descriptif","status":"publish","type":"page","link":"https:\/\/chaletsavoie.net\/index.php\/fr\/les-chalets-dheidi-descriptif\/","title":{"rendered":"Les chalets d&rsquo;Heidi: Descriptif"},"content":{"rendered":"\n<p>4 chalets dans un environnement champ\u00eatre et r\u00e9sidentiel. A 350m des pistes de ski et des chemins de randonn\u00e9e.<\/p>\n\n\n\n<p><strong>Le chalet<\/strong>&nbsp;:<\/p>\n\n\n\n<ul class=\"wp-block-list\" id=\"block-323859f8-fdfb-4a1b-9036-081d5af58995\">\n<li>Escalier de 4 \u00e0 6 marches pour acc\u00e9der au balcon, porte d\u2019entr\u00e9e.<\/li>\n\n\n\n<li>Niveau 0 : 32m\u00b2 au sol avec coin cuisine ouvert sur le s\u00e9jour, w.c s\u00e9par\u00e9s, salle d\u2019eau avec douche. Un canap\u00e9 Bz dans le s\u00e9jour<\/li>\n\n\n\n<li>Niveau 1 : Acc\u00e8s par un escalier un peu raide (<a href=\"#chalet\">voir photo<\/a>).<br>Chambre dans un grand espace mansard\u00e9 (pas de porte fermant la chambre). Pour le chalet mezzanine,  mezzanine ouverte sur le s\u00e9jour (<a href=\"#mezzanine\">voir photo<\/a>)<br>3 lits 1 personne en 90&#215;200. 2 lits peuvent \u00eatre assembl\u00e9s pour faire un faire un lit en 180&#215;200.<br><br>2 fauteuils en osier. Lit b\u00e9b\u00e9 sur demande (\u00e0 pr\u00e9ciser lors de la r\u00e9servation). Oreillers, couettes et couvertures fournies.<\/li>\n<\/ul>\n\n\n\n<p><strong>Equipements<\/strong>\u00a0:<\/p>\n\n\n\n<ul class=\"wp-block-list\" id=\"block-323859f8-fdfb-4a1b-9036-081d5af58995\">\n<li>Plaque 4 feux gaz, r\u00e9frig\u00e9rateur table top, four, micro-ondes, lave linge, lave vaisselle, robot m\u00e9nager, cafeti\u00e8re \u00e9lectrique et nespresso, bouilloire, grille pain, vaisselle en quantit\u00e9, fer \u00e0 repasser.<\/li>\n\n\n\n<li>T\u00e9l\u00e9vision satellite, acc\u00e8s wifi gratuit.&nbsp;<\/li>\n\n\n\n<li>Chauffage \u00e9lectrique, ballon eau chaude \u00e9lectrique fonctionnant en continu.<\/li>\n<\/ul>\n\n\n\n<p><strong>Ext\u00e9rieur<\/strong>&nbsp;:<\/p>\n\n\n\n<ul class=\"wp-block-list\">\n<li>Table et chaises sur le balcon<\/li>\n\n\n\n<li>&nbsp;Table pique nique en \u00e9t\u00e9 pour chaque chalet dans le pr\u00e9.<\/li>\n\n\n\n<li>Balan\u00e7oires en \u00e9t\u00e9.<\/li>\n\n\n\n<li>Grand espace vert commun aux 4 chalets et vaste pr\u00e9 au dessus des chalets o\u00f9 les vaches viennent pa\u00eetre au printemps et \u00e0 l\u2019automne.<\/li>\n\n\n\n<li>Vue d\u00e9gag\u00e9e sur la cha\u00eene des Aravis et et les pr\u00e9s.<\/li>\n<\/ul>\n\n\n\n<p><img decoding=\"async\" height=\"16\" src=\"https:\/\/www.ski.fr\/lib3\/prestas\/175.png\">&nbsp;Une connexion Wi-Fi est disponible dans le chalet et \u00e0 l\u2019ext\u00e9rieur (sans suppl\u00e9ment).<br><img decoding=\"async\" height=\"16\" src=\"https:\/\/www.ski.fr\/lib3\/prestas\/10.png\">&nbsp;Un parking gratuit et priv\u00e9, 8 places pour les 4 chalets, est disponible sur place (sans r\u00e9servation pr\u00e9alable).<br><img decoding=\"async\" height=\"16\" src=\"https:\/\/www.ski.fr\/lib3\/prestas\/2.png\">&nbsp;Les animaux de compagnie sont admis (sans suppl\u00e9ment).<\/p>\n\n\n\n<figure class=\"wp-block-image size-large is-resized\" id=\"chalet\"><img loading=\"lazy\" decoding=\"async\" src=\"https:\/\/chaletsavoie.net\/wp-content\/uploads\/2021\/09\/sejour-chalet-savoie-3-1024x768.jpg\" alt=\"Coin salon chalet 3\" class=\"wp-image-285\" width=\"840\" height=\"630\" srcset=\"https:\/\/chaletsavoie.net\/wp-content\/uploads\/2021\/09\/sejour-chalet-savoie-3-1024x768.jpg 1024w, https:\/\/chaletsavoie.net\/wp-content\/uploads\/2021\/09\/sejour-chalet-savoie-3-300x225.jpg 300w, https:\/\/chaletsavoie.net\/wp-content\/uploads\/2021\/09\/sejour-chalet-savoie-3-768x576.jpg 768w, https:\/\/chaletsavoie.net\/wp-content\/uploads\/2021\/09\/sejour-chalet-savoie-3-80x60.jpg 80w, https:\/\/chaletsavoie.net\/wp-content\/uploads\/2021\/09\/sejour-chalet-savoie-3.jpg 1300w\" sizes=\"auto, (max-width: 840px) 100vw, 840px\" \/><figcaption class=\"wp-element-caption\">Les Chalets d\u2019Heidi: Coin salon avec canap\u00e9 bz, acc\u00e8s \u00e0 la chambre<\/figcaption><\/figure>\n\n\n\n<figure class=\"wp-block-image size-large\" id=\"mezzanine\"><img loading=\"lazy\" decoding=\"async\" width=\"1024\" height=\"591\" src=\"https:\/\/chaletsavoie.net\/wp-content\/uploads\/2022\/10\/chalet-mezzanine-1024x591.jpg\" alt=\"Chalet mezzanine\" class=\"wp-image-1315\" srcset=\"https:\/\/chaletsavoie.net\/wp-content\/uploads\/2022\/10\/chalet-mezzanine-1024x591.jpg 1024w, https:\/\/chaletsavoie.net\/wp-content\/uploads\/2022\/10\/chalet-mezzanine-300x173.jpg 300w, https:\/\/chaletsavoie.net\/wp-content\/uploads\/2022\/10\/chalet-mezzanine-768x443.jpg 768w, https:\/\/chaletsavoie.net\/wp-content\/uploads\/2022\/10\/chalet-mezzanine-104x60.jpg 104w, https:\/\/chaletsavoie.net\/wp-content\/uploads\/2022\/10\/chalet-mezzanine.jpg 1295w\" sizes=\"auto, (max-width: 1024px) 100vw, 1024px\" \/><figcaption class=\"wp-element-caption\">Les chalets d&rsquo;Heidi: Chalet mezzanine,<\/figcaption><\/figure>\n","protected":false},"excerpt":{"rendered":"<p>4 chalets dans un environnement champ\u00eatre et r\u00e9sidentiel. A 350m des pistes de ski et des chemins de randonn\u00e9e. Le chalet&nbsp;: Equipements\u00a0: Ext\u00e9rieur&nbsp;: &nbsp;Une connexion Wi-Fi est disponible dans le chalet et \u00e0 l\u2019ext\u00e9rieur (sans suppl\u00e9ment).&nbsp;Un parking gratuit et priv\u00e9, 8 places pour les 4 &hellip; <\/p>\n","protected":false},"author":1,"featured_media":0,"parent":0,"menu_order":0,"comment_status":"closed","ping_status":"closed","template":"","meta":{"footnotes":""},"class_list":["post-1309","page","type-page","status-publish","hentry"],"yoast_head":"<!-- This site is optimized with the Yoast SEO plugin v27.4 - https:\/\/yoast.com\/product\/yoast-seo-wordpress\/ -->\n<title>Chaletsavoie.net : Locations de chalets et appartements - Descriptif<\/title>\n<meta name=\"description\" content=\"Les chalets d&#039;Heidi: 4 chalets dans un environnement champ\u00eatre et r\u00e9sidentiel, \u00e0 350m des pistes, ND de Bellecombe, Savoie\" \/>\n<meta name=\"robots\" content=\"index, follow, max-snippet:-1, max-image-preview:large, max-video-preview:-1\" \/>\n<link rel=\"canonical\" href=\"https:\/\/chaletsavoie.net\/index.php\/fr\/les-chalets-dheidi-descriptif\/\" \/>\n<meta property=\"og:locale\" content=\"fr_FR\" \/>\n<meta property=\"og:type\" content=\"article\" \/>\n<meta property=\"og:title\" content=\"Chaletsavoie.net : Locations de chalets et appartements - Descriptif\" \/>\n<meta property=\"og:description\" content=\"Les chalets d&#039;Heidi: 4 chalets dans un environnement champ\u00eatre et r\u00e9sidentiel, \u00e0 350m des pistes, ND de Bellecombe, Savoie\" \/>\n<meta property=\"og:url\" content=\"https:\/\/chaletsavoie.net\/index.php\/fr\/les-chalets-dheidi-descriptif\/\" \/>\n<meta property=\"og:site_name\" content=\"Chaletsavoie.net : Locations de chalets et appartements\" \/>\n<meta property=\"article:modified_time\" content=\"2023-05-22T19:59:36+00:00\" \/>\n<meta property=\"og:image\" content=\"https:\/\/www.ski.fr\/lib3\/prestas\/175.png\" \/>\n<meta name=\"twitter:card\" content=\"summary_large_image\" \/>\n<meta name=\"twitter:label1\" content=\"Dur\u00e9e de lecture estim\u00e9e\" \/>\n\t<meta name=\"twitter:data1\" content=\"3 minutes\" \/>\n<script type=\"application\/ld+json\" class=\"yoast-schema-graph\">{\"@context\":\"https:\\\/\\\/schema.org\",\"@graph\":[{\"@type\":\"WebPage\",\"@id\":\"https:\\\/\\\/chaletsavoie.net\\\/index.php\\\/fr\\\/les-chalets-dheidi-descriptif\\\/\",\"url\":\"https:\\\/\\\/chaletsavoie.net\\\/index.php\\\/fr\\\/les-chalets-dheidi-descriptif\\\/\",\"name\":\"Chaletsavoie.net : Locations de chalets et appartements - Descriptif\",\"isPartOf\":{\"@id\":\"https:\\\/\\\/chaletsavoie.net\\\/#website\"},\"primaryImageOfPage\":{\"@id\":\"https:\\\/\\\/chaletsavoie.net\\\/index.php\\\/fr\\\/les-chalets-dheidi-descriptif\\\/#primaryimage\"},\"image\":{\"@id\":\"https:\\\/\\\/chaletsavoie.net\\\/index.php\\\/fr\\\/les-chalets-dheidi-descriptif\\\/#primaryimage\"},\"thumbnailUrl\":\"https:\\\/\\\/www.ski.fr\\\/lib3\\\/prestas\\\/175.png\",\"datePublished\":\"2022-10-18T18:55:47+00:00\",\"dateModified\":\"2023-05-22T19:59:36+00:00\",\"description\":\"Les chalets d'Heidi: 4 chalets dans un environnement champ\u00eatre et r\u00e9sidentiel, \u00e0 350m des pistes, ND de Bellecombe, Savoie\",\"breadcrumb\":{\"@id\":\"https:\\\/\\\/chaletsavoie.net\\\/index.php\\\/fr\\\/les-chalets-dheidi-descriptif\\\/#breadcrumb\"},\"inLanguage\":\"fr-FR\",\"potentialAction\":[{\"@type\":\"ReadAction\",\"target\":[\"https:\\\/\\\/chaletsavoie.net\\\/index.php\\\/fr\\\/les-chalets-dheidi-descriptif\\\/\"]}]},{\"@type\":\"ImageObject\",\"inLanguage\":\"fr-FR\",\"@id\":\"https:\\\/\\\/chaletsavoie.net\\\/index.php\\\/fr\\\/les-chalets-dheidi-descriptif\\\/#primaryimage\",\"url\":\"https:\\\/\\\/www.ski.fr\\\/lib3\\\/prestas\\\/175.png\",\"contentUrl\":\"https:\\\/\\\/www.ski.fr\\\/lib3\\\/prestas\\\/175.png\"},{\"@type\":\"BreadcrumbList\",\"@id\":\"https:\\\/\\\/chaletsavoie.net\\\/index.php\\\/fr\\\/les-chalets-dheidi-descriptif\\\/#breadcrumb\",\"itemListElement\":[{\"@type\":\"ListItem\",\"position\":1,\"name\":\"Accueil\",\"item\":\"https:\\\/\\\/www.chaletsavoie.net\\\/index.php\\\/fr\\\/\"},{\"@type\":\"ListItem\",\"position\":2,\"name\":\"Les chalets d&rsquo;Heidi: Descriptif\"}]},{\"@type\":\"WebSite\",\"@id\":\"https:\\\/\\\/chaletsavoie.net\\\/#website\",\"url\":\"https:\\\/\\\/chaletsavoie.net\\\/\",\"name\":\"Chaletsavoie : Locations de chalets et appartements\",\"description\":\"Pour les vacances, Chalets et appartements \u00e0 louer en Savoie, \u00e0 ND de Bellecombe, au coeur de l&#039;Espace Diamant\",\"publisher\":{\"@id\":\"https:\\\/\\\/chaletsavoie.net\\\/#organization\"},\"potentialAction\":[{\"@type\":\"SearchAction\",\"target\":{\"@type\":\"EntryPoint\",\"urlTemplate\":\"https:\\\/\\\/chaletsavoie.net\\\/?s={search_term_string}\"},\"query-input\":{\"@type\":\"PropertyValueSpecification\",\"valueRequired\":true,\"valueName\":\"search_term_string\"}}],\"inLanguage\":\"fr-FR\"},{\"@type\":\"Organization\",\"@id\":\"https:\\\/\\\/chaletsavoie.net\\\/#organization\",\"name\":\"Chaletsavoie : Locations de chalets et appartements\",\"url\":\"https:\\\/\\\/chaletsavoie.net\\\/\",\"logo\":{\"@type\":\"ImageObject\",\"inLanguage\":\"fr-FR\",\"@id\":\"https:\\\/\\\/chaletsavoie.net\\\/#\\\/schema\\\/logo\\\/image\\\/\",\"url\":\"https:\\\/\\\/chaletsavoie.net\\\/wp-content\\\/uploads\\\/2022\\\/10\\\/vue-aerienne-chalets-heidi-2.jpg\",\"contentUrl\":\"https:\\\/\\\/chaletsavoie.net\\\/wp-content\\\/uploads\\\/2022\\\/10\\\/vue-aerienne-chalets-heidi-2.jpg\",\"width\":1680,\"height\":705,\"caption\":\"Chaletsavoie : Locations de chalets et appartements\"},\"image\":{\"@id\":\"https:\\\/\\\/chaletsavoie.net\\\/#\\\/schema\\\/logo\\\/image\\\/\"}}]}<\/script>\n<!-- \/ Yoast SEO plugin. -->","yoast_head_json":{"title":"Chaletsavoie.net : Locations de chalets et appartements - Descriptif","description":"Les chalets d'Heidi: 4 chalets dans un environnement champ\u00eatre et r\u00e9sidentiel, \u00e0 350m des pistes, ND de Bellecombe, Savoie","robots":{"index":"index","follow":"follow","max-snippet":"max-snippet:-1","max-image-preview":"max-image-preview:large","max-video-preview":"max-video-preview:-1"},"canonical":"https:\/\/chaletsavoie.net\/index.php\/fr\/les-chalets-dheidi-descriptif\/","og_locale":"fr_FR","og_type":"article","og_title":"Chaletsavoie.net : Locations de chalets et appartements - Descriptif","og_description":"Les chalets d'Heidi: 4 chalets dans un environnement champ\u00eatre et r\u00e9sidentiel, \u00e0 350m des pistes, ND de Bellecombe, Savoie","og_url":"https:\/\/chaletsavoie.net\/index.php\/fr\/les-chalets-dheidi-descriptif\/","og_site_name":"Chaletsavoie.net : Locations de chalets et appartements","article_modified_time":"2023-05-22T19:59:36+00:00","og_image":[{"url":"https:\/\/www.ski.fr\/lib3\/prestas\/175.png","type":"","width":"","height":""}],"twitter_card":"summary_large_image","twitter_misc":{"Dur\u00e9e de lecture estim\u00e9e":"3 minutes"},"schema":{"@context":"https:\/\/schema.org","@graph":[{"@type":"WebPage","@id":"https:\/\/chaletsavoie.net\/index.php\/fr\/les-chalets-dheidi-descriptif\/","url":"https:\/\/chaletsavoie.net\/index.php\/fr\/les-chalets-dheidi-descriptif\/","name":"Chaletsavoie.net : Locations de chalets et appartements - Descriptif","isPartOf":{"@id":"https:\/\/chaletsavoie.net\/#website"},"primaryImageOfPage":{"@id":"https:\/\/chaletsavoie.net\/index.php\/fr\/les-chalets-dheidi-descriptif\/#primaryimage"},"image":{"@id":"https:\/\/chaletsavoie.net\/index.php\/fr\/les-chalets-dheidi-descriptif\/#primaryimage"},"thumbnailUrl":"https:\/\/www.ski.fr\/lib3\/prestas\/175.png","datePublished":"2022-10-18T18:55:47+00:00","dateModified":"2023-05-22T19:59:36+00:00","description":"Les chalets d'Heidi: 4 chalets dans un environnement champ\u00eatre et r\u00e9sidentiel, \u00e0 350m des pistes, ND de Bellecombe, Savoie","breadcrumb":{"@id":"https:\/\/chaletsavoie.net\/index.php\/fr\/les-chalets-dheidi-descriptif\/#breadcrumb"},"inLanguage":"fr-FR","potentialAction":[{"@type":"ReadAction","target":["https:\/\/chaletsavoie.net\/index.php\/fr\/les-chalets-dheidi-descriptif\/"]}]},{"@type":"ImageObject","inLanguage":"fr-FR","@id":"https:\/\/chaletsavoie.net\/index.php\/fr\/les-chalets-dheidi-descriptif\/#primaryimage","url":"https:\/\/www.ski.fr\/lib3\/prestas\/175.png","contentUrl":"https:\/\/www.ski.fr\/lib3\/prestas\/175.png"},{"@type":"BreadcrumbList","@id":"https:\/\/chaletsavoie.net\/index.php\/fr\/les-chalets-dheidi-descriptif\/#breadcrumb","itemListElement":[{"@type":"ListItem","position":1,"name":"Accueil","item":"https:\/\/www.chaletsavoie.net\/index.php\/fr\/"},{"@type":"ListItem","position":2,"name":"Les chalets d&rsquo;Heidi: Descriptif"}]},{"@type":"WebSite","@id":"https:\/\/chaletsavoie.net\/#website","url":"https:\/\/chaletsavoie.net\/","name":"Chaletsavoie : Locations de chalets et appartements","description":"Pour les vacances, Chalets et appartements \u00e0 louer en Savoie, \u00e0 ND de Bellecombe, au coeur de l&#039;Espace Diamant","publisher":{"@id":"https:\/\/chaletsavoie.net\/#organization"},"potentialAction":[{"@type":"SearchAction","target":{"@type":"EntryPoint","urlTemplate":"https:\/\/chaletsavoie.net\/?s={search_term_string}"},"query-input":{"@type":"PropertyValueSpecification","valueRequired":true,"valueName":"search_term_string"}}],"inLanguage":"fr-FR"},{"@type":"Organization","@id":"https:\/\/chaletsavoie.net\/#organization","name":"Chaletsavoie : Locations de chalets et appartements","url":"https:\/\/chaletsavoie.net\/","logo":{"@type":"ImageObject","inLanguage":"fr-FR","@id":"https:\/\/chaletsavoie.net\/#\/schema\/logo\/image\/","url":"https:\/\/chaletsavoie.net\/wp-content\/uploads\/2022\/10\/vue-aerienne-chalets-heidi-2.jpg","contentUrl":"https:\/\/chaletsavoie.net\/wp-content\/uploads\/2022\/10\/vue-aerienne-chalets-heidi-2.jpg","width":1680,"height":705,"caption":"Chaletsavoie : Locations de chalets et appartements"},"image":{"@id":"https:\/\/chaletsavoie.net\/#\/schema\/logo\/image\/"}}]}},"_links":{"self":[{"href":"https:\/\/chaletsavoie.net\/index.php\/wp-json\/wp\/v2\/pages\/1309","targetHints":{"allow":["GET"]}}],"collection":[{"href":"https:\/\/chaletsavoie.net\/index.php\/wp-json\/wp\/v2\/pages"}],"about":[{"href":"https:\/\/chaletsavoie.net\/index.php\/wp-json\/wp\/v2\/types\/page"}],"author":[{"embeddable":true,"href":"https:\/\/chaletsavoie.net\/index.php\/wp-json\/wp\/v2\/users\/1"}],"replies":[{"embeddable":true,"href":"https:\/\/chaletsavoie.net\/index.php\/wp-json\/wp\/v2\/comments?post=1309"}],"version-history":[{"count":6,"href":"https:\/\/chaletsavoie.net\/index.php\/wp-json\/wp\/v2\/pages\/1309\/revisions"}],"predecessor-version":[{"id":1407,"href":"https:\/\/chaletsavoie.net\/index.php\/wp-json\/wp\/v2\/pages\/1309\/revisions\/1407"}],"wp:attachment":[{"href":"https:\/\/chaletsavoie.net\/index.php\/wp-json\/wp\/v2\/media?parent=1309"}],"curies":[{"name":"wp","href":"https:\/\/api.w.org\/{rel}","templated":true}]}}