{"id":1610,"date":"2025-03-26T17:57:16","date_gmt":"2025-03-26T16:57:16","guid":{"rendered":"https:\/\/chaletsavoie.net\/?page_id=1610"},"modified":"2025-03-26T18:04:23","modified_gmt":"2025-03-26T17:04:23","slug":"para-ver-para-fazer","status":"publish","type":"page","link":"https:\/\/chaletsavoie.net\/index.php\/pt\/para-ver-para-fazer\/","title":{"rendered":"Para ver, para fazer"},"content":{"rendered":"\n<figure class=\"wp-block-image size-full\"><img loading=\"lazy\" decoding=\"async\" width=\"1024\" height=\"768\" src=\"https:\/\/chaletsavoie.net\/wp-content\/uploads\/2023\/08\/d944cf1b-ee2e-4e8a-b41d-a4852a2c24b2.jpg\" alt=\"Lac de retenue, Mont Vor\u00e8s\" class=\"wp-image-1444\" srcset=\"https:\/\/chaletsavoie.net\/wp-content\/uploads\/2023\/08\/d944cf1b-ee2e-4e8a-b41d-a4852a2c24b2.jpg 1024w, https:\/\/chaletsavoie.net\/wp-content\/uploads\/2023\/08\/d944cf1b-ee2e-4e8a-b41d-a4852a2c24b2-300x225.jpg 300w, https:\/\/chaletsavoie.net\/wp-content\/uploads\/2023\/08\/d944cf1b-ee2e-4e8a-b41d-a4852a2c24b2-768x576.jpg 768w, https:\/\/chaletsavoie.net\/wp-content\/uploads\/2023\/08\/d944cf1b-ee2e-4e8a-b41d-a4852a2c24b2-80x60.jpg 80w\" sizes=\"auto, (max-width: 1024px) 100vw, 1024px\" \/><figcaption class=\"wp-element-caption\">Lac de retenue, Mont Vor\u00e8s<\/figcaption><\/figure>\n\n\n\n<p><strong>Sugest\u00f5es de caminhadas<\/strong> <a href=\"https:\/\/www.valdarly-montblanc.com\/villages-stations\/notre-dame-de-bellecombe\/toutes-les-activites\/a-pied\/itineraires-de-randonnee\/\" target=\"_blank\" rel=\"noreferrer noopener\">em Val d&rsquo;Arly<\/a> , <a href=\"https:\/\/www.lebeaufortain.com\/wp-content\/uploads\/2021\/02\/topobalades2.pdf\" target=\"_blank\" rel=\"noreferrer noopener\">em Beaufortain<\/a> , <a href=\"https:\/\/www.savoie-mont-blanc.com\/randonnee\/randonnees-et-balades\/pays-du-mont-blanc\/\" target=\"_blank\" rel=\"noreferrer noopener\">no Pays du Mont Blanc<\/a><\/p>\n\n\n\n<p><strong>Canirando<\/strong> com Cindy Duport, em Notre Dame de Bellecombe: Junte-se a um c\u00e3o de ca\u00e7a de alto n\u00edvel para uma caminhada&#8230; <a href=\"https:\/\/www.traineaucovetan.com\/\" target=\"_blank\" rel=\"noreferrer noopener\">+ info<\/a><\/p>\n\n\n\n<p><strong>Mountain bike, E-bike<\/strong> , em <a href=\"https:\/\/www.valdarly-montblanc.com\/sortir-et-bouger\/activites-et-bien-etre\/2-roues\/vtt-electrique-vttae-ebike\/\" target=\"_blank\" rel=\"noreferrer noopener\">Val d&rsquo;Arly.<\/a><br>Baixe o aplicativo gratuito para <a href=\"https:\/\/www.savoie-mont-blanc.com\/velo\/application-velo\/\" target=\"_blank\" rel=\"noreferrer noopener\">passagens lend\u00e1rias em Savoie Mont Blanc<\/a><\/p>\n\n\n\n<p>Os <a href=\"https:\/\/www.savoie-mont-blanc.com\/grands-lacs\/\" target=\"_blank\" rel=\"noreferrer noopener\">4 grandes lagos<\/a> de Savoie Mont Blanc,<br><br>Os lagos <a href=\"https:\/\/www.savoie-mont-blanc.com\/sites-culturels\/barrage-et-site-de-roselend-94771\/\" target=\"_blank\" rel=\"noreferrer noopener\">da barragem de Roselend<\/a> , <a href=\"https:\/\/www.savoie-mont-blanc.com\/randonnees-et-balades\/promenade-confort-lac-et-barrage-de-saint-guerin-580887\/\" target=\"_blank\" rel=\"noreferrer noopener\">Saint Guerin<\/a> via Beaufort ( <a href=\"https:\/\/www.savoie-mont-blanc.com\/produits-du-terroir\/fromagerie-cooperative-laitiere-du-beaufortain-205696\/\" target=\"_blank\" rel=\"noreferrer noopener\">Cooperativa Beaufort<\/a> ), o <a href=\"https:\/\/www.savoie-mont-blanc.com\/sites-culturels\/village-de-boudin-106040\/\" target=\"_blank\" rel=\"noreferrer noopener\">vilarejo de Boudin<\/a><\/p>\n\n\n\n<p>Lago de nata\u00e7\u00e3o, piscina, \u00e1rea aqu\u00e1tica em <a href=\"https:\/\/www.valdarly-montblanc.com\/sortir-et-bouger\/activites-et-bien-etre\/les-pieds-dans-leau\/baignade\/\" target=\"_blank\" rel=\"noreferrer noopener\">Val d&rsquo;Arly<\/a><\/p>\n\n\n\n<p><a href=\"https:\/\/thermes-saint-gervais.com\/\" target=\"_blank\" rel=\"noreferrer noopener\"><strong>Termas de Saint Gervais<\/strong><\/a><\/p>\n\n\n\n<p><a href=\"https:\/\/www.savoie-mont-blanc.com\/visite-culture\/art-baroque\/\" target=\"_blank\" rel=\"noreferrer noopener\"><strong>Arte Barroca<\/strong><\/a> <strong>e a<\/strong> <a href=\"https:\/\/www.savoie-mont-blanc.com\/randonnees-et-balades\/randonnee-pedestre-sur-le-sentier-du-baroque-171716\/\" target=\"_blank\" rel=\"noreferrer noopener\"><strong>Trilha Barroca<\/strong><\/a><\/p>\n\n\n\n<p><a href=\"https:\/\/www.savoie-mont-blanc.com\/visite-culture\/visites-et-sites-culturels\/stations-et-villages-de-montagne~albertville-beaufortain-val-d-arly~pays-du-mont-blanc\" target=\"_blank\" rel=\"noreferrer noopener\"><strong>S\u00edtios culturais<\/strong><\/a><\/p>\n","protected":false},"excerpt":{"rendered":"<p>Sugest\u00f5es de caminhadas em Val d&rsquo;Arly , em Beaufortain , no Pays du Mont Blanc Canirando com Cindy Duport, em Notre Dame de Bellecombe: Junte-se a um c\u00e3o de ca\u00e7a de alto n\u00edvel para uma caminhada&#8230; + info Mountain bike, E-bike , em Val d&rsquo;Arly.Baixe &hellip; <\/p>\n","protected":false},"author":1,"featured_media":0,"parent":0,"menu_order":0,"comment_status":"closed","ping_status":"closed","template":"","meta":{"footnotes":""},"class_list":["post-1610","page","type-page","status-publish","hentry"],"yoast_head":"<!-- This site is optimized with the Yoast SEO plugin v27.3 - https:\/\/yoast.com\/product\/yoast-seo-wordpress\/ -->\n<title>Para ver, para fazer - Chaletsavoie.net : Locations de chalets et appartements<\/title>\n<meta name=\"robots\" content=\"index, follow, max-snippet:-1, max-image-preview:large, max-video-preview:-1\" \/>\n<link rel=\"canonical\" href=\"https:\/\/chaletsavoie.net\/index.php\/pt\/para-ver-para-fazer\/\" \/>\n<meta property=\"og:locale\" content=\"fr_FR\" \/>\n<meta property=\"og:type\" content=\"article\" \/>\n<meta property=\"og:title\" content=\"Para ver, para fazer - Chaletsavoie.net : Locations de chalets et appartements\" \/>\n<meta property=\"og:description\" content=\"Sugest\u00f5es de caminhadas em Val d&rsquo;Arly , em Beaufortain , no Pays du Mont Blanc Canirando com Cindy Duport, em Notre Dame de Bellecombe: Junte-se a um c\u00e3o de ca\u00e7a de alto n\u00edvel para uma caminhada&#8230; + info Mountain bike, E-bike , em Val d&rsquo;Arly.Baixe &hellip;\" \/>\n<meta property=\"og:url\" content=\"https:\/\/chaletsavoie.net\/index.php\/pt\/para-ver-para-fazer\/\" \/>\n<meta property=\"og:site_name\" content=\"Chaletsavoie.net : Locations de chalets et appartements\" \/>\n<meta property=\"article:modified_time\" content=\"2025-03-26T17:04:23+00:00\" \/>\n<meta property=\"og:image\" content=\"https:\/\/chaletsavoie.net\/wp-content\/uploads\/2023\/08\/d944cf1b-ee2e-4e8a-b41d-a4852a2c24b2.jpg\" \/>\n\t<meta property=\"og:image:width\" content=\"1024\" \/>\n\t<meta property=\"og:image:height\" content=\"768\" \/>\n\t<meta property=\"og:image:type\" content=\"image\/jpeg\" \/>\n<meta name=\"twitter:card\" content=\"summary_large_image\" \/>\n<meta name=\"twitter:label1\" content=\"Dur\u00e9e de lecture estim\u00e9e\" \/>\n\t<meta name=\"twitter:data1\" content=\"1 minute\" \/>\n<script type=\"application\/ld+json\" class=\"yoast-schema-graph\">{\"@context\":\"https:\\\/\\\/schema.org\",\"@graph\":[{\"@type\":\"WebPage\",\"@id\":\"https:\\\/\\\/chaletsavoie.net\\\/index.php\\\/pt\\\/para-ver-para-fazer\\\/\",\"url\":\"https:\\\/\\\/chaletsavoie.net\\\/index.php\\\/pt\\\/para-ver-para-fazer\\\/\",\"name\":\"Para ver, para fazer - Chaletsavoie.net : Locations de chalets et appartements\",\"isPartOf\":{\"@id\":\"https:\\\/\\\/chaletsavoie.net\\\/#website\"},\"primaryImageOfPage\":{\"@id\":\"https:\\\/\\\/chaletsavoie.net\\\/index.php\\\/pt\\\/para-ver-para-fazer\\\/#primaryimage\"},\"image\":{\"@id\":\"https:\\\/\\\/chaletsavoie.net\\\/index.php\\\/pt\\\/para-ver-para-fazer\\\/#primaryimage\"},\"thumbnailUrl\":\"https:\\\/\\\/chaletsavoie.net\\\/wp-content\\\/uploads\\\/2023\\\/08\\\/d944cf1b-ee2e-4e8a-b41d-a4852a2c24b2.jpg\",\"datePublished\":\"2025-03-26T16:57:16+00:00\",\"dateModified\":\"2025-03-26T17:04:23+00:00\",\"breadcrumb\":{\"@id\":\"https:\\\/\\\/chaletsavoie.net\\\/index.php\\\/pt\\\/para-ver-para-fazer\\\/#breadcrumb\"},\"inLanguage\":\"fr-FR\",\"potentialAction\":[{\"@type\":\"ReadAction\",\"target\":[\"https:\\\/\\\/chaletsavoie.net\\\/index.php\\\/pt\\\/para-ver-para-fazer\\\/\"]}]},{\"@type\":\"ImageObject\",\"inLanguage\":\"fr-FR\",\"@id\":\"https:\\\/\\\/chaletsavoie.net\\\/index.php\\\/pt\\\/para-ver-para-fazer\\\/#primaryimage\",\"url\":\"https:\\\/\\\/chaletsavoie.net\\\/wp-content\\\/uploads\\\/2023\\\/08\\\/d944cf1b-ee2e-4e8a-b41d-a4852a2c24b2.jpg\",\"contentUrl\":\"https:\\\/\\\/chaletsavoie.net\\\/wp-content\\\/uploads\\\/2023\\\/08\\\/d944cf1b-ee2e-4e8a-b41d-a4852a2c24b2.jpg\",\"width\":1024,\"height\":768,\"caption\":\"Lac de retenue, Mont Vor\u00e8s\"},{\"@type\":\"BreadcrumbList\",\"@id\":\"https:\\\/\\\/chaletsavoie.net\\\/index.php\\\/pt\\\/para-ver-para-fazer\\\/#breadcrumb\",\"itemListElement\":[{\"@type\":\"ListItem\",\"position\":1,\"name\":\"Accueil\",\"item\":\"https:\\\/\\\/www.chaletsavoie.net\\\/index.php\\\/fr\\\/\"},{\"@type\":\"ListItem\",\"position\":2,\"name\":\"Para ver, para fazer\"}]},{\"@type\":\"WebSite\",\"@id\":\"https:\\\/\\\/chaletsavoie.net\\\/#website\",\"url\":\"https:\\\/\\\/chaletsavoie.net\\\/\",\"name\":\"Chaletsavoie : Locations de chalets et appartements\",\"description\":\"Pour les vacances, Chalets et appartements \u00e0 louer en Savoie, \u00e0 ND de Bellecombe, au coeur de l&#039;Espace Diamant\",\"publisher\":{\"@id\":\"https:\\\/\\\/chaletsavoie.net\\\/#organization\"},\"potentialAction\":[{\"@type\":\"SearchAction\",\"target\":{\"@type\":\"EntryPoint\",\"urlTemplate\":\"https:\\\/\\\/chaletsavoie.net\\\/?s={search_term_string}\"},\"query-input\":{\"@type\":\"PropertyValueSpecification\",\"valueRequired\":true,\"valueName\":\"search_term_string\"}}],\"inLanguage\":\"fr-FR\"},{\"@type\":\"Organization\",\"@id\":\"https:\\\/\\\/chaletsavoie.net\\\/#organization\",\"name\":\"Chaletsavoie : Locations de chalets et appartements\",\"url\":\"https:\\\/\\\/chaletsavoie.net\\\/\",\"logo\":{\"@type\":\"ImageObject\",\"inLanguage\":\"fr-FR\",\"@id\":\"https:\\\/\\\/chaletsavoie.net\\\/#\\\/schema\\\/logo\\\/image\\\/\",\"url\":\"https:\\\/\\\/chaletsavoie.net\\\/wp-content\\\/uploads\\\/2022\\\/10\\\/vue-aerienne-chalets-heidi-2.jpg\",\"contentUrl\":\"https:\\\/\\\/chaletsavoie.net\\\/wp-content\\\/uploads\\\/2022\\\/10\\\/vue-aerienne-chalets-heidi-2.jpg\",\"width\":1680,\"height\":705,\"caption\":\"Chaletsavoie : Locations de chalets et appartements\"},\"image\":{\"@id\":\"https:\\\/\\\/chaletsavoie.net\\\/#\\\/schema\\\/logo\\\/image\\\/\"}}]}<\/script>\n<!-- \/ Yoast SEO plugin. -->","yoast_head_json":{"title":"Para ver, para fazer - Chaletsavoie.net : Locations de chalets et appartements","robots":{"index":"index","follow":"follow","max-snippet":"max-snippet:-1","max-image-preview":"max-image-preview:large","max-video-preview":"max-video-preview:-1"},"canonical":"https:\/\/chaletsavoie.net\/index.php\/pt\/para-ver-para-fazer\/","og_locale":"fr_FR","og_type":"article","og_title":"Para ver, para fazer - Chaletsavoie.net : Locations de chalets et appartements","og_description":"Sugest\u00f5es de caminhadas em Val d&rsquo;Arly , em Beaufortain , no Pays du Mont Blanc Canirando com Cindy Duport, em Notre Dame de Bellecombe: Junte-se a um c\u00e3o de ca\u00e7a de alto n\u00edvel para uma caminhada&#8230; + info Mountain bike, E-bike , em Val d&rsquo;Arly.Baixe &hellip;","og_url":"https:\/\/chaletsavoie.net\/index.php\/pt\/para-ver-para-fazer\/","og_site_name":"Chaletsavoie.net : Locations de chalets et appartements","article_modified_time":"2025-03-26T17:04:23+00:00","og_image":[{"width":1024,"height":768,"url":"https:\/\/chaletsavoie.net\/wp-content\/uploads\/2023\/08\/d944cf1b-ee2e-4e8a-b41d-a4852a2c24b2.jpg","type":"image\/jpeg"}],"twitter_card":"summary_large_image","twitter_misc":{"Dur\u00e9e de lecture estim\u00e9e":"1 minute"},"schema":{"@context":"https:\/\/schema.org","@graph":[{"@type":"WebPage","@id":"https:\/\/chaletsavoie.net\/index.php\/pt\/para-ver-para-fazer\/","url":"https:\/\/chaletsavoie.net\/index.php\/pt\/para-ver-para-fazer\/","name":"Para ver, para fazer - Chaletsavoie.net : Locations de chalets et appartements","isPartOf":{"@id":"https:\/\/chaletsavoie.net\/#website"},"primaryImageOfPage":{"@id":"https:\/\/chaletsavoie.net\/index.php\/pt\/para-ver-para-fazer\/#primaryimage"},"image":{"@id":"https:\/\/chaletsavoie.net\/index.php\/pt\/para-ver-para-fazer\/#primaryimage"},"thumbnailUrl":"https:\/\/chaletsavoie.net\/wp-content\/uploads\/2023\/08\/d944cf1b-ee2e-4e8a-b41d-a4852a2c24b2.jpg","datePublished":"2025-03-26T16:57:16+00:00","dateModified":"2025-03-26T17:04:23+00:00","breadcrumb":{"@id":"https:\/\/chaletsavoie.net\/index.php\/pt\/para-ver-para-fazer\/#breadcrumb"},"inLanguage":"fr-FR","potentialAction":[{"@type":"ReadAction","target":["https:\/\/chaletsavoie.net\/index.php\/pt\/para-ver-para-fazer\/"]}]},{"@type":"ImageObject","inLanguage":"fr-FR","@id":"https:\/\/chaletsavoie.net\/index.php\/pt\/para-ver-para-fazer\/#primaryimage","url":"https:\/\/chaletsavoie.net\/wp-content\/uploads\/2023\/08\/d944cf1b-ee2e-4e8a-b41d-a4852a2c24b2.jpg","contentUrl":"https:\/\/chaletsavoie.net\/wp-content\/uploads\/2023\/08\/d944cf1b-ee2e-4e8a-b41d-a4852a2c24b2.jpg","width":1024,"height":768,"caption":"Lac de retenue, Mont Vor\u00e8s"},{"@type":"BreadcrumbList","@id":"https:\/\/chaletsavoie.net\/index.php\/pt\/para-ver-para-fazer\/#breadcrumb","itemListElement":[{"@type":"ListItem","position":1,"name":"Accueil","item":"https:\/\/www.chaletsavoie.net\/index.php\/fr\/"},{"@type":"ListItem","position":2,"name":"Para ver, para fazer"}]},{"@type":"WebSite","@id":"https:\/\/chaletsavoie.net\/#website","url":"https:\/\/chaletsavoie.net\/","name":"Chaletsavoie : Locations de chalets et appartements","description":"Pour les vacances, Chalets et appartements \u00e0 louer en Savoie, \u00e0 ND de Bellecombe, au coeur de l&#039;Espace Diamant","publisher":{"@id":"https:\/\/chaletsavoie.net\/#organization"},"potentialAction":[{"@type":"SearchAction","target":{"@type":"EntryPoint","urlTemplate":"https:\/\/chaletsavoie.net\/?s={search_term_string}"},"query-input":{"@type":"PropertyValueSpecification","valueRequired":true,"valueName":"search_term_string"}}],"inLanguage":"fr-FR"},{"@type":"Organization","@id":"https:\/\/chaletsavoie.net\/#organization","name":"Chaletsavoie : Locations de chalets et appartements","url":"https:\/\/chaletsavoie.net\/","logo":{"@type":"ImageObject","inLanguage":"fr-FR","@id":"https:\/\/chaletsavoie.net\/#\/schema\/logo\/image\/","url":"https:\/\/chaletsavoie.net\/wp-content\/uploads\/2022\/10\/vue-aerienne-chalets-heidi-2.jpg","contentUrl":"https:\/\/chaletsavoie.net\/wp-content\/uploads\/2022\/10\/vue-aerienne-chalets-heidi-2.jpg","width":1680,"height":705,"caption":"Chaletsavoie : Locations de chalets et appartements"},"image":{"@id":"https:\/\/chaletsavoie.net\/#\/schema\/logo\/image\/"}}]}},"_links":{"self":[{"href":"https:\/\/chaletsavoie.net\/index.php\/wp-json\/wp\/v2\/pages\/1610","targetHints":{"allow":["GET"]}}],"collection":[{"href":"https:\/\/chaletsavoie.net\/index.php\/wp-json\/wp\/v2\/pages"}],"about":[{"href":"https:\/\/chaletsavoie.net\/index.php\/wp-json\/wp\/v2\/types\/page"}],"author":[{"embeddable":true,"href":"https:\/\/chaletsavoie.net\/index.php\/wp-json\/wp\/v2\/users\/1"}],"replies":[{"embeddable":true,"href":"https:\/\/chaletsavoie.net\/index.php\/wp-json\/wp\/v2\/comments?post=1610"}],"version-history":[{"count":2,"href":"https:\/\/chaletsavoie.net\/index.php\/wp-json\/wp\/v2\/pages\/1610\/revisions"}],"predecessor-version":[{"id":1621,"href":"https:\/\/chaletsavoie.net\/index.php\/wp-json\/wp\/v2\/pages\/1610\/revisions\/1621"}],"wp:attachment":[{"href":"https:\/\/chaletsavoie.net\/index.php\/wp-json\/wp\/v2\/media?parent=1610"}],"curies":[{"name":"wp","href":"https:\/\/api.w.org\/{rel}","templated":true}]}}