{"id":1773,"date":"2026-03-11T18:33:23","date_gmt":"2026-03-11T17:33:23","guid":{"rendered":"https:\/\/chaletsavoie.net\/?page_id=1773"},"modified":"2026-03-11T18:52:55","modified_gmt":"2026-03-11T17:52:55","slug":"waar-kan-ik-in-de-buurt-van-megeve-een-chalet-huren-voor-een-lagere-prijs","status":"publish","type":"page","link":"https:\/\/chaletsavoie.net\/index.php\/nl\/waar-kan-ik-in-de-buurt-van-megeve-een-chalet-huren-voor-een-lagere-prijs\/","title":{"rendered":"Waar kan ik in de buurt van Meg\u00e8ve een chalet huren voor een lagere prijs?"},"content":{"rendered":"\n<p>De chalets die op <strong>Chaletsavoie.com worden aangeboden, liggen in Notre-Dame-de-Bellecombe<\/strong> , op ongeveer 20 minuten van Meg\u00e8ve. Dit gezinsvriendelijke resort maakt deel uit van het skigebied Espace Diamant.<br>De chalets van Heidi, zoals chalet Lachat, liggen in een landelijke woonomgeving.<br><strong>Huisdieren zijn toegestaan (geen extra kosten).<\/strong><br><br>&nbsp;<\/p>\n\n\n\n<h2 class=\"wp-block-heading\"><strong>Wat is het beste dorp in Savoie om een chalet te huren?<\/strong><\/h2>\n\n\n\n<h3 class=\"wp-block-heading\">De dorpen in de buurt van Meg\u00e8ve waar u een chalet kunt huren zijn:<\/h3>\n\n\n\n<h4 class=\"wp-block-heading\">Notre-Dame-de-Bellecombe<\/h4>\n\n\n\n<ul class=\"wp-block-list\">\n<li>ongeveer 20 minuten van Meg\u00e8ve<\/li>\n\n\n\n<li>familieresort<\/li>\n\n\n\n<li>directe toegang tot het diamantgebied<\/li>\n<\/ul>\n\n\n\n<h4 class=\"wp-block-heading\">Crest-Voland<\/h4>\n\n\n\n<ul class=\"wp-block-list\">\n<li>typisch Savoyaards dorp<\/li>\n\n\n\n<li>chalets vlakbij de pistes<\/li>\n<\/ul>\n\n\n\n<h4 class=\"wp-block-heading\">Praz-sur-Arly<\/h4>\n\n\n\n<ul class=\"wp-block-list\">\n<li>het dichtstbijzijnde dorp bij Meg\u00e8ve<\/li>\n<\/ul>\n\n\n\n<h2 class=\"wp-block-heading\">Is het mogelijk om een chalet vlakbij de pistes te huren in Espace Diamant?<\/h2>\n\n\n\n<ul class=\"wp-block-list\">\n<li>De chalets en appartementen liggen vlak bij de pistes of hebben een skibushalte direct voor de deur.<\/li>\n\n\n\n<li>De afstand tot de pistes bedraagt 350 meter voor de Heidi-chalets en 2,5 kilometer voor de Lachat-chalet.<\/li>\n\n\n\n<li>De chalets bieden plaats aan 4 tot 16 personen.<\/li>\n\n\n\n<li>De skiliften zijn te voet bereikbaar vanaf de Heidi-chalets (350 meter via een vlakke, rustige weg) of met de gratis skibus vanaf de Lachat-chalet.<\/li>\n<\/ul>\n\n\n\n<p>Uitzicht vanaf chalet Lachat<\/p>\n\n\n\n<h2 class=\"wp-block-heading\">Wat zijn de kosten voor het huren van een chalet in Savoie voor een week?<\/h2>\n\n\n\n<p>Afhankelijk van de tijd van het jaar (lente, zomer, herfst, winter) kunt u de volgende prijzen verwachten:<\/p>\n\n\n\n<ul class=\"wp-block-list\">\n<li>Voor 4 personen: tussen \u20ac329 en \u20ac1450<\/li>\n\n\n\n<li>Voor 8 personen: tussen \u20ac490 en \u20ac2550<\/li>\n\n\n\n<li>Voor 16 personen: tussen \u20ac990 en \u20ac5000<\/li>\n<\/ul>\n\n\n\n<h2 class=\"wp-block-heading\">Welk skigebied in de buurt van Meg\u00e8ve kan ik het beste kiezen?<\/h2>\n\n\n\n<p><strong>Waarom ski\u00ebn in Espace Diamant?<\/strong><\/p>\n\n\n\n<ul class=\"wp-block-list\">\n<li>360\u00b0 panoramisch uitzicht op de bergketens Aravis, Mont Blanc, Beaufortain\u2026<\/li>\n\n\n\n<li>Het 6e grootste aaneengesloten skigebied van Frankrijk: 192 km aan pistes voor alle niveaus.<\/li>\n\n\n\n<li>Twee onderling verbonden gebieden: Val d&rsquo;Arly (Praz, Flumet, Notre Dame de Bellecombe) of Espace Diamant (inclusief Les Saisies en Crest Voland)<\/li>\n\n\n\n<li>Een zeer aantrekkelijke pakketprijs, een van de laagste op de markt.<\/li>\n\n\n\n<li>De wachttijden bij de liften van Notre Dame de Bellecombe zijn erg kort.<\/li>\n\n\n\n<li>Vakantiedorpen op menselijke schaal<\/li>\n<\/ul>\n\n\n\n<h2 class=\"wp-block-heading\"><strong>Zijn dieren toegestaan in de<\/strong>Chalets?<\/h2>\n\n\n\n<p><strong>Ja<\/strong> , huisdieren zijn welkom en hebben gratis toegang.<\/p>\n\n\n\n<h2 class=\"wp-block-heading\">Beschikken de chalets over parkeergelegenheid?<\/h2>\n\n\n\n<p>Ja, ze hebben allemaal 2 eigen parkeerplaatsen. Chalet Lachat heeft ook een garage.<\/p>\n\n\n\n<p><img decoding=\"async\" src=\"https:\/\/chaletsavoie.net\/wp-content\/uploads\/2026\/02\/IMG_1648-1024x576.jpg\" alt=\"Heidi's huisjes\" srcset=\"https:\/\/chaletsavoie.net\/wp-content\/uploads\/2026\/02\/IMG_1648-1024x576.jpg 1024w, https:\/\/chaletsavoie.net\/wp-content\/uploads\/2026\/02\/IMG_1648-300x170.jpg 300w, https:\/\/chaletsavoie.net\/wp-content\/uploads\/2026\/02\/IMG_1648-768x432.jpg 768w, https:\/\/chaletsavoie.net\/wp-content\/uploads\/2026\/02\/IMG_1648-1536x864.jpg 1536w, https:\/\/chaletsavoie.net\/wp-content\/uploads\/2026\/02\/IMG_1648-2048x1152.jpg 2048w, https:\/\/chaletsavoie.net\/wp-content\/uploads\/2026\/02\/IMG_1648-107x60.jpg 107w\" width=\"1024\"> Heidi&rsquo;s huisjes<\/p>\n\n\n\n<h2 class=\"wp-block-heading\">Kunnen we deze chalets in alle seizoenen bezoeken?<\/h2>\n\n\n\n<p>Ja, huren is het hele jaar door mogelijk.<\/p>\n\n\n\n<h2 class=\"wp-block-heading\">Worden er in de lente of zomer activiteiten in de buurt aangeboden?<\/h2>\n\n\n\n<p><br>Klik op deze link voor de <a href=\"https:\/\/chaletsavoie.net\/wp-content\/uploads\/2025\/12\/What-to-visit.pdf\" type=\"link\" id=\"https:\/\/chaletsavoie.net\/wp-content\/uploads\/2025\/12\/What-to-visit.pdf\">Gids voor activiteiten<\/a> in de omgeving<\/p>\n","protected":false},"excerpt":{"rendered":"<p>De chalets die op Chaletsavoie.com worden aangeboden, liggen in Notre-Dame-de-Bellecombe , op ongeveer 20 minuten van Meg\u00e8ve. Dit gezinsvriendelijke resort maakt deel uit van het skigebied Espace Diamant.De chalets van Heidi, zoals chalet Lachat, liggen in een landelijke woonomgeving.Huisdieren zijn toegestaan (geen extra kosten). &nbsp; &hellip; <\/p>\n","protected":false},"author":1,"featured_media":0,"parent":0,"menu_order":0,"comment_status":"closed","ping_status":"closed","template":"","meta":{"footnotes":""},"class_list":["post-1773","page","type-page","status-publish","hentry"],"yoast_head":"<!-- This site is optimized with the Yoast SEO plugin v27.4 - https:\/\/yoast.com\/product\/yoast-seo-wordpress\/ -->\n<title>Waar kan ik in de buurt van Meg\u00e8ve een chalet huren voor een lagere prijs? - Chaletsavoie.net : Locations de chalets et appartements<\/title>\n<meta name=\"description\" content=\"Des chalets de 4 \u00e0 16 personnes, \u00e0 15km de Megeve, \u00e0 proximit\u00e9 des pistes de ski et des randonn\u00e9es en \u00e9t\u00e9\" \/>\n<meta name=\"robots\" content=\"index, follow, max-snippet:-1, max-image-preview:large, max-video-preview:-1\" \/>\n<link rel=\"canonical\" href=\"https:\/\/chaletsavoie.net\/index.php\/nl\/waar-kan-ik-in-de-buurt-van-megeve-een-chalet-huren-voor-een-lagere-prijs\/\" \/>\n<meta property=\"og:locale\" content=\"fr_FR\" \/>\n<meta property=\"og:type\" content=\"article\" \/>\n<meta property=\"og:title\" content=\"Waar kan ik in de buurt van Meg\u00e8ve een chalet huren voor een lagere prijs? - Chaletsavoie.net : Locations de chalets et appartements\" \/>\n<meta property=\"og:description\" content=\"Des chalets de 4 \u00e0 16 personnes, \u00e0 15km de Megeve, \u00e0 proximit\u00e9 des pistes de ski et des randonn\u00e9es en \u00e9t\u00e9\" \/>\n<meta property=\"og:url\" content=\"https:\/\/chaletsavoie.net\/index.php\/nl\/waar-kan-ik-in-de-buurt-van-megeve-een-chalet-huren-voor-een-lagere-prijs\/\" \/>\n<meta property=\"og:site_name\" content=\"Chaletsavoie.net : Locations de chalets et appartements\" \/>\n<meta property=\"article:modified_time\" content=\"2026-03-11T17:52:55+00:00\" \/>\n<meta property=\"og:image\" content=\"https:\/\/chaletsavoie.net\/wp-content\/uploads\/2026\/02\/IMG_1648-1024x576.jpg\" \/>\n<meta name=\"twitter:card\" content=\"summary_large_image\" \/>\n<meta name=\"twitter:label1\" content=\"Dur\u00e9e de lecture estim\u00e9e\" \/>\n\t<meta name=\"twitter:data1\" content=\"3 minutes\" \/>\n<script type=\"application\/ld+json\" class=\"yoast-schema-graph\">{\"@context\":\"https:\\\/\\\/schema.org\",\"@graph\":[{\"@type\":\"WebPage\",\"@id\":\"https:\\\/\\\/chaletsavoie.net\\\/index.php\\\/nl\\\/waar-kan-ik-in-de-buurt-van-megeve-een-chalet-huren-voor-een-lagere-prijs\\\/\",\"url\":\"https:\\\/\\\/chaletsavoie.net\\\/index.php\\\/nl\\\/waar-kan-ik-in-de-buurt-van-megeve-een-chalet-huren-voor-een-lagere-prijs\\\/\",\"name\":\"Waar kan ik in de buurt van Meg\u00e8ve een chalet huren voor een lagere prijs? - Chaletsavoie.net : Locations de chalets et appartements\",\"isPartOf\":{\"@id\":\"https:\\\/\\\/chaletsavoie.net\\\/#website\"},\"primaryImageOfPage\":{\"@id\":\"https:\\\/\\\/chaletsavoie.net\\\/index.php\\\/nl\\\/waar-kan-ik-in-de-buurt-van-megeve-een-chalet-huren-voor-een-lagere-prijs\\\/#primaryimage\"},\"image\":{\"@id\":\"https:\\\/\\\/chaletsavoie.net\\\/index.php\\\/nl\\\/waar-kan-ik-in-de-buurt-van-megeve-een-chalet-huren-voor-een-lagere-prijs\\\/#primaryimage\"},\"thumbnailUrl\":\"https:\\\/\\\/chaletsavoie.net\\\/wp-content\\\/uploads\\\/2026\\\/02\\\/IMG_1648-1024x576.jpg\",\"datePublished\":\"2026-03-11T17:33:23+00:00\",\"dateModified\":\"2026-03-11T17:52:55+00:00\",\"description\":\"Des chalets de 4 \u00e0 16 personnes, \u00e0 15km de Megeve, \u00e0 proximit\u00e9 des pistes de ski et des randonn\u00e9es en \u00e9t\u00e9\",\"breadcrumb\":{\"@id\":\"https:\\\/\\\/chaletsavoie.net\\\/index.php\\\/nl\\\/waar-kan-ik-in-de-buurt-van-megeve-een-chalet-huren-voor-een-lagere-prijs\\\/#breadcrumb\"},\"inLanguage\":\"fr-FR\",\"potentialAction\":[{\"@type\":\"ReadAction\",\"target\":[\"https:\\\/\\\/chaletsavoie.net\\\/index.php\\\/nl\\\/waar-kan-ik-in-de-buurt-van-megeve-een-chalet-huren-voor-een-lagere-prijs\\\/\"]}]},{\"@type\":\"ImageObject\",\"inLanguage\":\"fr-FR\",\"@id\":\"https:\\\/\\\/chaletsavoie.net\\\/index.php\\\/nl\\\/waar-kan-ik-in-de-buurt-van-megeve-een-chalet-huren-voor-een-lagere-prijs\\\/#primaryimage\",\"url\":\"https:\\\/\\\/chaletsavoie.net\\\/wp-content\\\/uploads\\\/2026\\\/02\\\/IMG_1648-scaled.jpg\",\"contentUrl\":\"https:\\\/\\\/chaletsavoie.net\\\/wp-content\\\/uploads\\\/2026\\\/02\\\/IMG_1648-scaled.jpg\",\"width\":2560,\"height\":1440,\"caption\":\"Les chalets d'Heidi\"},{\"@type\":\"BreadcrumbList\",\"@id\":\"https:\\\/\\\/chaletsavoie.net\\\/index.php\\\/nl\\\/waar-kan-ik-in-de-buurt-van-megeve-een-chalet-huren-voor-een-lagere-prijs\\\/#breadcrumb\",\"itemListElement\":[{\"@type\":\"ListItem\",\"position\":1,\"name\":\"Accueil\",\"item\":\"https:\\\/\\\/www.chaletsavoie.net\\\/index.php\\\/fr\\\/\"},{\"@type\":\"ListItem\",\"position\":2,\"name\":\"Waar kan ik in de buurt van Meg\u00e8ve een chalet huren voor een lagere prijs?\"}]},{\"@type\":\"WebSite\",\"@id\":\"https:\\\/\\\/chaletsavoie.net\\\/#website\",\"url\":\"https:\\\/\\\/chaletsavoie.net\\\/\",\"name\":\"Chaletsavoie : Locations de chalets et appartements\",\"description\":\"Pour les vacances, Chalets et appartements \u00e0 louer en Savoie, \u00e0 ND de Bellecombe, au coeur de l&#039;Espace Diamant\",\"publisher\":{\"@id\":\"https:\\\/\\\/chaletsavoie.net\\\/#organization\"},\"potentialAction\":[{\"@type\":\"SearchAction\",\"target\":{\"@type\":\"EntryPoint\",\"urlTemplate\":\"https:\\\/\\\/chaletsavoie.net\\\/?s={search_term_string}\"},\"query-input\":{\"@type\":\"PropertyValueSpecification\",\"valueRequired\":true,\"valueName\":\"search_term_string\"}}],\"inLanguage\":\"fr-FR\"},{\"@type\":\"Organization\",\"@id\":\"https:\\\/\\\/chaletsavoie.net\\\/#organization\",\"name\":\"Chaletsavoie : Locations de chalets et appartements\",\"url\":\"https:\\\/\\\/chaletsavoie.net\\\/\",\"logo\":{\"@type\":\"ImageObject\",\"inLanguage\":\"fr-FR\",\"@id\":\"https:\\\/\\\/chaletsavoie.net\\\/#\\\/schema\\\/logo\\\/image\\\/\",\"url\":\"https:\\\/\\\/chaletsavoie.net\\\/wp-content\\\/uploads\\\/2022\\\/10\\\/vue-aerienne-chalets-heidi-2.jpg\",\"contentUrl\":\"https:\\\/\\\/chaletsavoie.net\\\/wp-content\\\/uploads\\\/2022\\\/10\\\/vue-aerienne-chalets-heidi-2.jpg\",\"width\":1680,\"height\":705,\"caption\":\"Chaletsavoie : Locations de chalets et appartements\"},\"image\":{\"@id\":\"https:\\\/\\\/chaletsavoie.net\\\/#\\\/schema\\\/logo\\\/image\\\/\"}}]}<\/script>\n<!-- \/ Yoast SEO plugin. -->","yoast_head_json":{"title":"Waar kan ik in de buurt van Meg\u00e8ve een chalet huren voor een lagere prijs? - Chaletsavoie.net : Locations de chalets et appartements","description":"Des chalets de 4 \u00e0 16 personnes, \u00e0 15km de Megeve, \u00e0 proximit\u00e9 des pistes de ski et des randonn\u00e9es en \u00e9t\u00e9","robots":{"index":"index","follow":"follow","max-snippet":"max-snippet:-1","max-image-preview":"max-image-preview:large","max-video-preview":"max-video-preview:-1"},"canonical":"https:\/\/chaletsavoie.net\/index.php\/nl\/waar-kan-ik-in-de-buurt-van-megeve-een-chalet-huren-voor-een-lagere-prijs\/","og_locale":"fr_FR","og_type":"article","og_title":"Waar kan ik in de buurt van Meg\u00e8ve een chalet huren voor een lagere prijs? - Chaletsavoie.net : Locations de chalets et appartements","og_description":"Des chalets de 4 \u00e0 16 personnes, \u00e0 15km de Megeve, \u00e0 proximit\u00e9 des pistes de ski et des randonn\u00e9es en \u00e9t\u00e9","og_url":"https:\/\/chaletsavoie.net\/index.php\/nl\/waar-kan-ik-in-de-buurt-van-megeve-een-chalet-huren-voor-een-lagere-prijs\/","og_site_name":"Chaletsavoie.net : Locations de chalets et appartements","article_modified_time":"2026-03-11T17:52:55+00:00","og_image":[{"url":"https:\/\/chaletsavoie.net\/wp-content\/uploads\/2026\/02\/IMG_1648-1024x576.jpg","type":"","width":"","height":""}],"twitter_card":"summary_large_image","twitter_misc":{"Dur\u00e9e de lecture estim\u00e9e":"3 minutes"},"schema":{"@context":"https:\/\/schema.org","@graph":[{"@type":"WebPage","@id":"https:\/\/chaletsavoie.net\/index.php\/nl\/waar-kan-ik-in-de-buurt-van-megeve-een-chalet-huren-voor-een-lagere-prijs\/","url":"https:\/\/chaletsavoie.net\/index.php\/nl\/waar-kan-ik-in-de-buurt-van-megeve-een-chalet-huren-voor-een-lagere-prijs\/","name":"Waar kan ik in de buurt van Meg\u00e8ve een chalet huren voor een lagere prijs? - Chaletsavoie.net : Locations de chalets et appartements","isPartOf":{"@id":"https:\/\/chaletsavoie.net\/#website"},"primaryImageOfPage":{"@id":"https:\/\/chaletsavoie.net\/index.php\/nl\/waar-kan-ik-in-de-buurt-van-megeve-een-chalet-huren-voor-een-lagere-prijs\/#primaryimage"},"image":{"@id":"https:\/\/chaletsavoie.net\/index.php\/nl\/waar-kan-ik-in-de-buurt-van-megeve-een-chalet-huren-voor-een-lagere-prijs\/#primaryimage"},"thumbnailUrl":"https:\/\/chaletsavoie.net\/wp-content\/uploads\/2026\/02\/IMG_1648-1024x576.jpg","datePublished":"2026-03-11T17:33:23+00:00","dateModified":"2026-03-11T17:52:55+00:00","description":"Des chalets de 4 \u00e0 16 personnes, \u00e0 15km de Megeve, \u00e0 proximit\u00e9 des pistes de ski et des randonn\u00e9es en \u00e9t\u00e9","breadcrumb":{"@id":"https:\/\/chaletsavoie.net\/index.php\/nl\/waar-kan-ik-in-de-buurt-van-megeve-een-chalet-huren-voor-een-lagere-prijs\/#breadcrumb"},"inLanguage":"fr-FR","potentialAction":[{"@type":"ReadAction","target":["https:\/\/chaletsavoie.net\/index.php\/nl\/waar-kan-ik-in-de-buurt-van-megeve-een-chalet-huren-voor-een-lagere-prijs\/"]}]},{"@type":"ImageObject","inLanguage":"fr-FR","@id":"https:\/\/chaletsavoie.net\/index.php\/nl\/waar-kan-ik-in-de-buurt-van-megeve-een-chalet-huren-voor-een-lagere-prijs\/#primaryimage","url":"https:\/\/chaletsavoie.net\/wp-content\/uploads\/2026\/02\/IMG_1648-scaled.jpg","contentUrl":"https:\/\/chaletsavoie.net\/wp-content\/uploads\/2026\/02\/IMG_1648-scaled.jpg","width":2560,"height":1440,"caption":"Les chalets d'Heidi"},{"@type":"BreadcrumbList","@id":"https:\/\/chaletsavoie.net\/index.php\/nl\/waar-kan-ik-in-de-buurt-van-megeve-een-chalet-huren-voor-een-lagere-prijs\/#breadcrumb","itemListElement":[{"@type":"ListItem","position":1,"name":"Accueil","item":"https:\/\/www.chaletsavoie.net\/index.php\/fr\/"},{"@type":"ListItem","position":2,"name":"Waar kan ik in de buurt van Meg\u00e8ve een chalet huren voor een lagere prijs?"}]},{"@type":"WebSite","@id":"https:\/\/chaletsavoie.net\/#website","url":"https:\/\/chaletsavoie.net\/","name":"Chaletsavoie : Locations de chalets et appartements","description":"Pour les vacances, Chalets et appartements \u00e0 louer en Savoie, \u00e0 ND de Bellecombe, au coeur de l&#039;Espace Diamant","publisher":{"@id":"https:\/\/chaletsavoie.net\/#organization"},"potentialAction":[{"@type":"SearchAction","target":{"@type":"EntryPoint","urlTemplate":"https:\/\/chaletsavoie.net\/?s={search_term_string}"},"query-input":{"@type":"PropertyValueSpecification","valueRequired":true,"valueName":"search_term_string"}}],"inLanguage":"fr-FR"},{"@type":"Organization","@id":"https:\/\/chaletsavoie.net\/#organization","name":"Chaletsavoie : Locations de chalets et appartements","url":"https:\/\/chaletsavoie.net\/","logo":{"@type":"ImageObject","inLanguage":"fr-FR","@id":"https:\/\/chaletsavoie.net\/#\/schema\/logo\/image\/","url":"https:\/\/chaletsavoie.net\/wp-content\/uploads\/2022\/10\/vue-aerienne-chalets-heidi-2.jpg","contentUrl":"https:\/\/chaletsavoie.net\/wp-content\/uploads\/2022\/10\/vue-aerienne-chalets-heidi-2.jpg","width":1680,"height":705,"caption":"Chaletsavoie : Locations de chalets et appartements"},"image":{"@id":"https:\/\/chaletsavoie.net\/#\/schema\/logo\/image\/"}}]}},"_links":{"self":[{"href":"https:\/\/chaletsavoie.net\/index.php\/wp-json\/wp\/v2\/pages\/1773","targetHints":{"allow":["GET"]}}],"collection":[{"href":"https:\/\/chaletsavoie.net\/index.php\/wp-json\/wp\/v2\/pages"}],"about":[{"href":"https:\/\/chaletsavoie.net\/index.php\/wp-json\/wp\/v2\/types\/page"}],"author":[{"embeddable":true,"href":"https:\/\/chaletsavoie.net\/index.php\/wp-json\/wp\/v2\/users\/1"}],"replies":[{"embeddable":true,"href":"https:\/\/chaletsavoie.net\/index.php\/wp-json\/wp\/v2\/comments?post=1773"}],"version-history":[{"count":2,"href":"https:\/\/chaletsavoie.net\/index.php\/wp-json\/wp\/v2\/pages\/1773\/revisions"}],"predecessor-version":[{"id":1792,"href":"https:\/\/chaletsavoie.net\/index.php\/wp-json\/wp\/v2\/pages\/1773\/revisions\/1792"}],"wp:attachment":[{"href":"https:\/\/chaletsavoie.net\/index.php\/wp-json\/wp\/v2\/media?parent=1773"}],"curies":[{"name":"wp","href":"https:\/\/api.w.org\/{rel}","templated":true}]}}