{"id":1776,"date":"2026-03-11T18:34:05","date_gmt":"2026-03-11T17:34:05","guid":{"rendered":"https:\/\/chaletsavoie.net\/?page_id=1776"},"modified":"2026-03-11T18:54:22","modified_gmt":"2026-03-11T17:54:22","slug":"wo-kann-ich-in-der-nahe-von-megeve-ein-chalet-gunstiger-mieten","status":"publish","type":"page","link":"https:\/\/chaletsavoie.net\/index.php\/de\/wo-kann-ich-in-der-nahe-von-megeve-ein-chalet-gunstiger-mieten\/","title":{"rendered":"Wo kann ich in der N\u00e4he von Meg\u00e8ve ein Chalet g\u00fcnstiger mieten?"},"content":{"rendered":"\n<p>Die auf <strong>Chaletsavoie.com angebotenen Chalets befinden sich in Notre-Dame-de-Bellecombe<\/strong> , etwa 20 Minuten von Meg\u00e8ve entfernt. Dieser familienfreundliche Ferienort geh\u00f6rt zum Skigebiet Espace Diamant.<br>Heidis Chalets, wie das Chalet Lachat, liegen in einer l\u00e4ndlichen Wohngegend.<br><strong>Haustiere sind erlaubt (ohne Aufpreis).<\/strong><br><br>&nbsp;<\/p>\n\n\n\n<h2 class=\"wp-block-heading\"><strong>Welches ist das beste Dorf in Savoyen, um ein Chalet zu mieten?<\/strong><\/h2>\n\n\n\n<h3 class=\"wp-block-heading\">Folgende D\u00f6rfer in der N\u00e4he von Meg\u00e8ve bieten Chalets zur Miete an:<\/h3>\n\n\n\n<h4 class=\"wp-block-heading\">Notre-Dame-de-Bellecombe<\/h4>\n\n\n\n<ul class=\"wp-block-list\">\n<li>etwa 20 Minuten von Meg\u00e8ve entfernt<\/li>\n\n\n\n<li>Familienresort<\/li>\n\n\n\n<li>direkter Zugang zum Diamantenbereich<\/li>\n<\/ul>\n\n\n\n<h4 class=\"wp-block-heading\">Crest-Voland<\/h4>\n\n\n\n<ul class=\"wp-block-list\">\n<li>typisches savoyisches Dorf<\/li>\n\n\n\n<li>Chalets in der N\u00e4he der Pisten<\/li>\n<\/ul>\n\n\n\n<h4 class=\"wp-block-heading\">Praz-sur-Arly<\/h4>\n\n\n\n<ul class=\"wp-block-list\">\n<li>das n\u00e4chstgelegene Dorf zu Meg\u00e8ve<\/li>\n<\/ul>\n\n\n\n<h2 class=\"wp-block-heading\">Kann man im Espace Diamant ein Chalet in der N\u00e4he der Pisten mieten?<\/h2>\n\n\n\n<ul class=\"wp-block-list\">\n<li>Die Chalets und Apartments liegen in unmittelbarer N\u00e4he der Pisten oder haben eine Skibushaltestelle direkt am Chalet.<\/li>\n\n\n\n<li>Die Entfernung zu den Pisten betr\u00e4gt 350 m f\u00fcr die Heidi-Chalets und 2,5 km f\u00fcr das Lachat-Chalet.<\/li>\n\n\n\n<li>Die Chalets bieten Platz f\u00fcr 4 bis 16 Personen.<\/li>\n\n\n\n<li>Die Skilifte sind entweder zu Fu\u00df zu den Heidi-Chalets (350 m \u00fcber eine ebene, ruhige Stra\u00dfe) oder mit dem kostenlosen Skibus zu den Lachat-Chalets erreichbar.<\/li>\n<\/ul>\n\n\n\n<p>Blick vom Chalet Lachat<\/p>\n\n\n\n<h2 class=\"wp-block-heading\">Was kostet die Miete eines Chalets in Savoyen f\u00fcr eine Woche?<\/h2>\n\n\n\n<p>Je nach Jahreszeit (Fr\u00fchling, Sommer, Herbst, Winter) sollten Sie mit folgenden Kosten rechnen:<\/p>\n\n\n\n<ul class=\"wp-block-list\">\n<li>F\u00fcr 4 Personen: zwischen 329 \u20ac und 1450 \u20ac<\/li>\n\n\n\n<li>F\u00fcr 8 Personen: zwischen 490 \u20ac und 2550 \u20ac<\/li>\n\n\n\n<li>F\u00fcr 16 Personen: zwischen 990 \u20ac und 5000 \u20ac<\/li>\n<\/ul>\n\n\n\n<h2 class=\"wp-block-heading\">Welches Skigebiet in der N\u00e4he von Meg\u00e8ve sollte ich w\u00e4hlen?<\/h2>\n\n\n\n<p><strong>Warum im Espace Diamant Ski fahren?<\/strong><\/p>\n\n\n\n<ul class=\"wp-block-list\">\n<li>360\u00b0-Panoramablick auf die Bergketten Aravis, Mont Blanc und Beaufortain \u2026<\/li>\n\n\n\n<li>Das sechstgr\u00f6\u00dfte zusammenh\u00e4ngende Skigebiet Frankreichs: 192 km Pisten f\u00fcr alle Schwierigkeitsgrade<\/li>\n\n\n\n<li>Zwei miteinander verbundene Gebiete: Val d&rsquo;Arly (Praz, Flumet, Notre Dame de Bellecombe) oder Espace Diamant (einschlie\u00dflich Les Saisies und Crest Voland)<\/li>\n\n\n\n<li>Ein sehr attraktiver Paketpreis, einer der niedrigsten auf dem Markt.<\/li>\n\n\n\n<li>Die Wartezeiten an den Aufz\u00fcgen von Notre Dame de Bellecombe sind sehr kurz.<\/li>\n\n\n\n<li>Feriend\u00f6rfer im menschlichen Ma\u00dfstab<\/li>\n<\/ul>\n\n\n\n<h2 class=\"wp-block-heading\"><strong>Sind Tiere erlaubt?<\/strong>Die Chalets?<\/h2>\n\n\n\n<p><strong>Ja<\/strong> , Haustiere sind willkommen und haben freien Eintritt.<\/p>\n\n\n\n<h2 class=\"wp-block-heading\">Verf\u00fcgen die Chalets \u00fcber Parkpl\u00e4tze?<\/h2>\n\n\n\n<p>Ja, alle Unterk\u00fcnfte verf\u00fcgen \u00fcber 2 private Parkpl\u00e4tze. Chalet Lachat hat au\u00dferdem eine Garage.<\/p>\n\n\n\n<p><img decoding=\"async\" src=\"https:\/\/chaletsavoie.net\/wp-content\/uploads\/2026\/02\/IMG_1648-1024x576.jpg\" alt=\"Heidis Ferienh\u00e4user\" srcset=\"https:\/\/chaletsavoie.net\/wp-content\/uploads\/2026\/02\/IMG_1648-1024x576.jpg 1024w, https:\/\/chaletsavoie.net\/wp-content\/uploads\/2026\/02\/IMG_1648-300x170.jpg 300w, https:\/\/chaletsavoie.net\/wp-content\/uploads\/2026\/02\/IMG_1648-768x432.jpg 768w, https:\/\/chaletsavoie.net\/wp-content\/uploads\/2026\/02\/IMG_1648-1536x864.jpg 1536w, https:\/\/chaletsavoie.net\/wp-content\/uploads\/2026\/02\/IMG_1648-2048x1152.jpg 2048w, https:\/\/chaletsavoie.net\/wp-content\/uploads\/2026\/02\/IMG_1648-107x60.jpg 107w\" width=\"1024\"> Heidis Ferienh\u00e4user<\/p>\n\n\n\n<h2 class=\"wp-block-heading\">K\u00f6nnen wir diese Chalets zu jeder Jahreszeit besuchen?<\/h2>\n\n\n\n<p>Ja, Anmietungen sind ganzj\u00e4hrig m\u00f6glich.<\/p>\n\n\n\n<h2 class=\"wp-block-heading\">Gibt es in der N\u00e4he im Fr\u00fchling oder Sommer irgendwelche Aktivit\u00e4ten, die angeboten werden?<\/h2>\n\n\n\n<p><br>Klicken Sie auf diesen Link f\u00fcr die <a href=\"https:\/\/chaletsavoie.net\/wp-content\/uploads\/2025\/12\/What-to-visit.pdf\" type=\"link\" id=\"https:\/\/chaletsavoie.net\/wp-content\/uploads\/2025\/12\/What-to-visit.pdf\" target=\"_blank\" rel=\"noreferrer noopener\">Leitfaden f\u00fcr Aktivit\u00e4ten<\/a> in der Umgebung<\/p>\n","protected":false},"excerpt":{"rendered":"<p>Die auf Chaletsavoie.com angebotenen Chalets befinden sich in Notre-Dame-de-Bellecombe , etwa 20 Minuten von Meg\u00e8ve entfernt. Dieser familienfreundliche Ferienort geh\u00f6rt zum Skigebiet Espace Diamant.Heidis Chalets, wie das Chalet Lachat, liegen in einer l\u00e4ndlichen Wohngegend.Haustiere sind erlaubt (ohne Aufpreis). &nbsp; Welches ist das beste Dorf in &hellip; <\/p>\n","protected":false},"author":1,"featured_media":0,"parent":0,"menu_order":0,"comment_status":"closed","ping_status":"closed","template":"","meta":{"footnotes":""},"class_list":["post-1776","page","type-page","status-publish","hentry"],"yoast_head":"<!-- This site is optimized with the Yoast SEO plugin v27.4 - https:\/\/yoast.com\/product\/yoast-seo-wordpress\/ -->\n<title>Wo kann ich in der N\u00e4he von Meg\u00e8ve ein Chalet g\u00fcnstiger mieten? - Chaletsavoie.net : Locations de chalets et appartements<\/title>\n<meta name=\"description\" content=\"Des chalets de 4 \u00e0 16 personnes, \u00e0 15km de Megeve, \u00e0 proximit\u00e9 des pistes de ski et des randonn\u00e9es en \u00e9t\u00e9\" \/>\n<meta name=\"robots\" content=\"index, follow, max-snippet:-1, max-image-preview:large, max-video-preview:-1\" \/>\n<link rel=\"canonical\" href=\"https:\/\/chaletsavoie.net\/index.php\/de\/wo-kann-ich-in-der-nahe-von-megeve-ein-chalet-gunstiger-mieten\/\" \/>\n<meta property=\"og:locale\" content=\"fr_FR\" \/>\n<meta property=\"og:type\" content=\"article\" \/>\n<meta property=\"og:title\" content=\"Wo kann ich in der N\u00e4he von Meg\u00e8ve ein Chalet g\u00fcnstiger mieten? - Chaletsavoie.net : Locations de chalets et appartements\" \/>\n<meta property=\"og:description\" content=\"Des chalets de 4 \u00e0 16 personnes, \u00e0 15km de Megeve, \u00e0 proximit\u00e9 des pistes de ski et des randonn\u00e9es en \u00e9t\u00e9\" \/>\n<meta property=\"og:url\" content=\"https:\/\/chaletsavoie.net\/index.php\/de\/wo-kann-ich-in-der-nahe-von-megeve-ein-chalet-gunstiger-mieten\/\" \/>\n<meta property=\"og:site_name\" content=\"Chaletsavoie.net : Locations de chalets et appartements\" \/>\n<meta property=\"article:modified_time\" content=\"2026-03-11T17:54:22+00:00\" \/>\n<meta property=\"og:image\" content=\"https:\/\/chaletsavoie.net\/wp-content\/uploads\/2026\/02\/IMG_1648-1024x576.jpg\" \/>\n<meta name=\"twitter:card\" content=\"summary_large_image\" \/>\n<meta name=\"twitter:label1\" content=\"Dur\u00e9e de lecture estim\u00e9e\" \/>\n\t<meta name=\"twitter:data1\" content=\"3 minutes\" \/>\n<script type=\"application\/ld+json\" class=\"yoast-schema-graph\">{\"@context\":\"https:\\\/\\\/schema.org\",\"@graph\":[{\"@type\":\"WebPage\",\"@id\":\"https:\\\/\\\/chaletsavoie.net\\\/index.php\\\/de\\\/wo-kann-ich-in-der-nahe-von-megeve-ein-chalet-gunstiger-mieten\\\/\",\"url\":\"https:\\\/\\\/chaletsavoie.net\\\/index.php\\\/de\\\/wo-kann-ich-in-der-nahe-von-megeve-ein-chalet-gunstiger-mieten\\\/\",\"name\":\"Wo kann ich in der N\u00e4he von Meg\u00e8ve ein Chalet g\u00fcnstiger mieten? - Chaletsavoie.net : Locations de chalets et appartements\",\"isPartOf\":{\"@id\":\"https:\\\/\\\/chaletsavoie.net\\\/#website\"},\"primaryImageOfPage\":{\"@id\":\"https:\\\/\\\/chaletsavoie.net\\\/index.php\\\/de\\\/wo-kann-ich-in-der-nahe-von-megeve-ein-chalet-gunstiger-mieten\\\/#primaryimage\"},\"image\":{\"@id\":\"https:\\\/\\\/chaletsavoie.net\\\/index.php\\\/de\\\/wo-kann-ich-in-der-nahe-von-megeve-ein-chalet-gunstiger-mieten\\\/#primaryimage\"},\"thumbnailUrl\":\"https:\\\/\\\/chaletsavoie.net\\\/wp-content\\\/uploads\\\/2026\\\/02\\\/IMG_1648-1024x576.jpg\",\"datePublished\":\"2026-03-11T17:34:05+00:00\",\"dateModified\":\"2026-03-11T17:54:22+00:00\",\"description\":\"Des chalets de 4 \u00e0 16 personnes, \u00e0 15km de Megeve, \u00e0 proximit\u00e9 des pistes de ski et des randonn\u00e9es en \u00e9t\u00e9\",\"breadcrumb\":{\"@id\":\"https:\\\/\\\/chaletsavoie.net\\\/index.php\\\/de\\\/wo-kann-ich-in-der-nahe-von-megeve-ein-chalet-gunstiger-mieten\\\/#breadcrumb\"},\"inLanguage\":\"fr-FR\",\"potentialAction\":[{\"@type\":\"ReadAction\",\"target\":[\"https:\\\/\\\/chaletsavoie.net\\\/index.php\\\/de\\\/wo-kann-ich-in-der-nahe-von-megeve-ein-chalet-gunstiger-mieten\\\/\"]}]},{\"@type\":\"ImageObject\",\"inLanguage\":\"fr-FR\",\"@id\":\"https:\\\/\\\/chaletsavoie.net\\\/index.php\\\/de\\\/wo-kann-ich-in-der-nahe-von-megeve-ein-chalet-gunstiger-mieten\\\/#primaryimage\",\"url\":\"https:\\\/\\\/chaletsavoie.net\\\/wp-content\\\/uploads\\\/2026\\\/02\\\/IMG_1648-scaled.jpg\",\"contentUrl\":\"https:\\\/\\\/chaletsavoie.net\\\/wp-content\\\/uploads\\\/2026\\\/02\\\/IMG_1648-scaled.jpg\",\"width\":2560,\"height\":1440,\"caption\":\"Les chalets d'Heidi\"},{\"@type\":\"BreadcrumbList\",\"@id\":\"https:\\\/\\\/chaletsavoie.net\\\/index.php\\\/de\\\/wo-kann-ich-in-der-nahe-von-megeve-ein-chalet-gunstiger-mieten\\\/#breadcrumb\",\"itemListElement\":[{\"@type\":\"ListItem\",\"position\":1,\"name\":\"Accueil\",\"item\":\"https:\\\/\\\/www.chaletsavoie.net\\\/index.php\\\/fr\\\/\"},{\"@type\":\"ListItem\",\"position\":2,\"name\":\"Wo kann ich in der N\u00e4he von Meg\u00e8ve ein Chalet g\u00fcnstiger mieten?\"}]},{\"@type\":\"WebSite\",\"@id\":\"https:\\\/\\\/chaletsavoie.net\\\/#website\",\"url\":\"https:\\\/\\\/chaletsavoie.net\\\/\",\"name\":\"Chaletsavoie : Locations de chalets et appartements\",\"description\":\"Pour les vacances, Chalets et appartements \u00e0 louer en Savoie, \u00e0 ND de Bellecombe, au coeur de l&#039;Espace Diamant\",\"publisher\":{\"@id\":\"https:\\\/\\\/chaletsavoie.net\\\/#organization\"},\"potentialAction\":[{\"@type\":\"SearchAction\",\"target\":{\"@type\":\"EntryPoint\",\"urlTemplate\":\"https:\\\/\\\/chaletsavoie.net\\\/?s={search_term_string}\"},\"query-input\":{\"@type\":\"PropertyValueSpecification\",\"valueRequired\":true,\"valueName\":\"search_term_string\"}}],\"inLanguage\":\"fr-FR\"},{\"@type\":\"Organization\",\"@id\":\"https:\\\/\\\/chaletsavoie.net\\\/#organization\",\"name\":\"Chaletsavoie : Locations de chalets et appartements\",\"url\":\"https:\\\/\\\/chaletsavoie.net\\\/\",\"logo\":{\"@type\":\"ImageObject\",\"inLanguage\":\"fr-FR\",\"@id\":\"https:\\\/\\\/chaletsavoie.net\\\/#\\\/schema\\\/logo\\\/image\\\/\",\"url\":\"https:\\\/\\\/chaletsavoie.net\\\/wp-content\\\/uploads\\\/2022\\\/10\\\/vue-aerienne-chalets-heidi-2.jpg\",\"contentUrl\":\"https:\\\/\\\/chaletsavoie.net\\\/wp-content\\\/uploads\\\/2022\\\/10\\\/vue-aerienne-chalets-heidi-2.jpg\",\"width\":1680,\"height\":705,\"caption\":\"Chaletsavoie : Locations de chalets et appartements\"},\"image\":{\"@id\":\"https:\\\/\\\/chaletsavoie.net\\\/#\\\/schema\\\/logo\\\/image\\\/\"}}]}<\/script>\n<!-- \/ Yoast SEO plugin. -->","yoast_head_json":{"title":"Wo kann ich in der N\u00e4he von Meg\u00e8ve ein Chalet g\u00fcnstiger mieten? - Chaletsavoie.net : Locations de chalets et appartements","description":"Des chalets de 4 \u00e0 16 personnes, \u00e0 15km de Megeve, \u00e0 proximit\u00e9 des pistes de ski et des randonn\u00e9es en \u00e9t\u00e9","robots":{"index":"index","follow":"follow","max-snippet":"max-snippet:-1","max-image-preview":"max-image-preview:large","max-video-preview":"max-video-preview:-1"},"canonical":"https:\/\/chaletsavoie.net\/index.php\/de\/wo-kann-ich-in-der-nahe-von-megeve-ein-chalet-gunstiger-mieten\/","og_locale":"fr_FR","og_type":"article","og_title":"Wo kann ich in der N\u00e4he von Meg\u00e8ve ein Chalet g\u00fcnstiger mieten? - Chaletsavoie.net : Locations de chalets et appartements","og_description":"Des chalets de 4 \u00e0 16 personnes, \u00e0 15km de Megeve, \u00e0 proximit\u00e9 des pistes de ski et des randonn\u00e9es en \u00e9t\u00e9","og_url":"https:\/\/chaletsavoie.net\/index.php\/de\/wo-kann-ich-in-der-nahe-von-megeve-ein-chalet-gunstiger-mieten\/","og_site_name":"Chaletsavoie.net : Locations de chalets et appartements","article_modified_time":"2026-03-11T17:54:22+00:00","og_image":[{"url":"https:\/\/chaletsavoie.net\/wp-content\/uploads\/2026\/02\/IMG_1648-1024x576.jpg","type":"","width":"","height":""}],"twitter_card":"summary_large_image","twitter_misc":{"Dur\u00e9e de lecture estim\u00e9e":"3 minutes"},"schema":{"@context":"https:\/\/schema.org","@graph":[{"@type":"WebPage","@id":"https:\/\/chaletsavoie.net\/index.php\/de\/wo-kann-ich-in-der-nahe-von-megeve-ein-chalet-gunstiger-mieten\/","url":"https:\/\/chaletsavoie.net\/index.php\/de\/wo-kann-ich-in-der-nahe-von-megeve-ein-chalet-gunstiger-mieten\/","name":"Wo kann ich in der N\u00e4he von Meg\u00e8ve ein Chalet g\u00fcnstiger mieten? - Chaletsavoie.net : Locations de chalets et appartements","isPartOf":{"@id":"https:\/\/chaletsavoie.net\/#website"},"primaryImageOfPage":{"@id":"https:\/\/chaletsavoie.net\/index.php\/de\/wo-kann-ich-in-der-nahe-von-megeve-ein-chalet-gunstiger-mieten\/#primaryimage"},"image":{"@id":"https:\/\/chaletsavoie.net\/index.php\/de\/wo-kann-ich-in-der-nahe-von-megeve-ein-chalet-gunstiger-mieten\/#primaryimage"},"thumbnailUrl":"https:\/\/chaletsavoie.net\/wp-content\/uploads\/2026\/02\/IMG_1648-1024x576.jpg","datePublished":"2026-03-11T17:34:05+00:00","dateModified":"2026-03-11T17:54:22+00:00","description":"Des chalets de 4 \u00e0 16 personnes, \u00e0 15km de Megeve, \u00e0 proximit\u00e9 des pistes de ski et des randonn\u00e9es en \u00e9t\u00e9","breadcrumb":{"@id":"https:\/\/chaletsavoie.net\/index.php\/de\/wo-kann-ich-in-der-nahe-von-megeve-ein-chalet-gunstiger-mieten\/#breadcrumb"},"inLanguage":"fr-FR","potentialAction":[{"@type":"ReadAction","target":["https:\/\/chaletsavoie.net\/index.php\/de\/wo-kann-ich-in-der-nahe-von-megeve-ein-chalet-gunstiger-mieten\/"]}]},{"@type":"ImageObject","inLanguage":"fr-FR","@id":"https:\/\/chaletsavoie.net\/index.php\/de\/wo-kann-ich-in-der-nahe-von-megeve-ein-chalet-gunstiger-mieten\/#primaryimage","url":"https:\/\/chaletsavoie.net\/wp-content\/uploads\/2026\/02\/IMG_1648-scaled.jpg","contentUrl":"https:\/\/chaletsavoie.net\/wp-content\/uploads\/2026\/02\/IMG_1648-scaled.jpg","width":2560,"height":1440,"caption":"Les chalets d'Heidi"},{"@type":"BreadcrumbList","@id":"https:\/\/chaletsavoie.net\/index.php\/de\/wo-kann-ich-in-der-nahe-von-megeve-ein-chalet-gunstiger-mieten\/#breadcrumb","itemListElement":[{"@type":"ListItem","position":1,"name":"Accueil","item":"https:\/\/www.chaletsavoie.net\/index.php\/fr\/"},{"@type":"ListItem","position":2,"name":"Wo kann ich in der N\u00e4he von Meg\u00e8ve ein Chalet g\u00fcnstiger mieten?"}]},{"@type":"WebSite","@id":"https:\/\/chaletsavoie.net\/#website","url":"https:\/\/chaletsavoie.net\/","name":"Chaletsavoie : Locations de chalets et appartements","description":"Pour les vacances, Chalets et appartements \u00e0 louer en Savoie, \u00e0 ND de Bellecombe, au coeur de l&#039;Espace Diamant","publisher":{"@id":"https:\/\/chaletsavoie.net\/#organization"},"potentialAction":[{"@type":"SearchAction","target":{"@type":"EntryPoint","urlTemplate":"https:\/\/chaletsavoie.net\/?s={search_term_string}"},"query-input":{"@type":"PropertyValueSpecification","valueRequired":true,"valueName":"search_term_string"}}],"inLanguage":"fr-FR"},{"@type":"Organization","@id":"https:\/\/chaletsavoie.net\/#organization","name":"Chaletsavoie : Locations de chalets et appartements","url":"https:\/\/chaletsavoie.net\/","logo":{"@type":"ImageObject","inLanguage":"fr-FR","@id":"https:\/\/chaletsavoie.net\/#\/schema\/logo\/image\/","url":"https:\/\/chaletsavoie.net\/wp-content\/uploads\/2022\/10\/vue-aerienne-chalets-heidi-2.jpg","contentUrl":"https:\/\/chaletsavoie.net\/wp-content\/uploads\/2022\/10\/vue-aerienne-chalets-heidi-2.jpg","width":1680,"height":705,"caption":"Chaletsavoie : Locations de chalets et appartements"},"image":{"@id":"https:\/\/chaletsavoie.net\/#\/schema\/logo\/image\/"}}]}},"_links":{"self":[{"href":"https:\/\/chaletsavoie.net\/index.php\/wp-json\/wp\/v2\/pages\/1776","targetHints":{"allow":["GET"]}}],"collection":[{"href":"https:\/\/chaletsavoie.net\/index.php\/wp-json\/wp\/v2\/pages"}],"about":[{"href":"https:\/\/chaletsavoie.net\/index.php\/wp-json\/wp\/v2\/types\/page"}],"author":[{"embeddable":true,"href":"https:\/\/chaletsavoie.net\/index.php\/wp-json\/wp\/v2\/users\/1"}],"replies":[{"embeddable":true,"href":"https:\/\/chaletsavoie.net\/index.php\/wp-json\/wp\/v2\/comments?post=1776"}],"version-history":[{"count":2,"href":"https:\/\/chaletsavoie.net\/index.php\/wp-json\/wp\/v2\/pages\/1776\/revisions"}],"predecessor-version":[{"id":1794,"href":"https:\/\/chaletsavoie.net\/index.php\/wp-json\/wp\/v2\/pages\/1776\/revisions\/1794"}],"wp:attachment":[{"href":"https:\/\/chaletsavoie.net\/index.php\/wp-json\/wp\/v2\/media?parent=1776"}],"curies":[{"name":"wp","href":"https:\/\/api.w.org\/{rel}","templated":true}]}}