{"id":1778,"date":"2026-03-11T18:34:44","date_gmt":"2026-03-11T17:34:44","guid":{"rendered":"https:\/\/chaletsavoie.net\/?page_id=1778"},"modified":"2026-03-11T18:55:25","modified_gmt":"2026-03-11T17:55:25","slug":"donde-puedo-alquilar-un-chalet-cerca-de-megeve-por-menos-dinero","status":"publish","type":"page","link":"https:\/\/chaletsavoie.net\/index.php\/es\/donde-puedo-alquilar-un-chalet-cerca-de-megeve-por-menos-dinero\/","title":{"rendered":"\u00bfD\u00f3nde puedo alquilar un chalet cerca de Meg\u00e8ve por menos dinero?"},"content":{"rendered":"\n<p>Los chalets que ofrece <strong>Chaletsavoie.com se encuentran en Notre-Dame-de-Bellecombe<\/strong> , a unos 20 minutos de Meg\u00e8ve. Este complejo familiar forma parte de la zona de esqu\u00ed Espace Diamant.<br>Los chalets de Heidi, como el chalet Lachat, se encuentran en un entorno rural y residencial.<br><strong>Se admiten mascotas (sin cargo extra).<\/strong><br><br>&nbsp;<\/p>\n\n\n\n<h2 class=\"wp-block-heading\"><strong>\u00bfCu\u00e1l es el mejor pueblo para alquilar un chalet en Saboya?<\/strong><\/h2>\n\n\n\n<h3 class=\"wp-block-heading\">Los pueblos cerca de Meg\u00e8ve donde puedes alquilar un chalet son:<\/h3>\n\n\n\n<h4 class=\"wp-block-heading\">Nuestra Se\u00f1ora de Bellecombe<\/h4>\n\n\n\n<ul class=\"wp-block-list\">\n<li>A unos 20 minutos de Meg\u00e8ve<\/li>\n\n\n\n<li>complejo familiar<\/li>\n\n\n\n<li>acceso directo al \u00c1rea Diamante<\/li>\n<\/ul>\n\n\n\n<h4 class=\"wp-block-heading\">Crest-Voland<\/h4>\n\n\n\n<ul class=\"wp-block-list\">\n<li>pueblo t\u00edpico de Saboya<\/li>\n\n\n\n<li>chalets cerca de las pistas<\/li>\n<\/ul>\n\n\n\n<h4 class=\"wp-block-heading\">Praz-sur-Arly<\/h4>\n\n\n\n<ul class=\"wp-block-list\">\n<li>el pueblo m\u00e1s cercano a Meg\u00e8ve<\/li>\n<\/ul>\n\n\n\n<h2 class=\"wp-block-heading\">\u00bfEs posible alquilar un chalet cerca de las pistas en Espace Diamant?<\/h2>\n\n\n\n<ul class=\"wp-block-list\">\n<li>Los chalets y apartamentos est\u00e1n cerca de las pistas o tienen una parada de autob\u00fas de esqu\u00ed justo en el chalet.<\/li>\n\n\n\n<li>La distancia a las pistas es de 350 m para los chalets Heidi y de 2,5 km para el chalet Lachat.<\/li>\n\n\n\n<li>Los chalets tienen capacidad de 4 a 16 personas.<\/li>\n\n\n\n<li>El acceso a los remontes se realiza a pie para los chalets Heidi (350 m por una carretera llana y tranquila) o en autob\u00fas de esqu\u00ed gratuito para el chalet Lachat.<\/li>\n<\/ul>\n\n\n\n<p>Vista desde el chalet Lachat<\/p>\n\n\n\n<h2 class=\"wp-block-heading\">\u00bfCu\u00e1nto cuesta alquilar un chalet en Saboya por una semana?<\/h2>\n\n\n\n<p>Dependiendo de la \u00e9poca del a\u00f1o (primavera, verano, oto\u00f1o, invierno), debes esperar pagar<\/p>\n\n\n\n<ul class=\"wp-block-list\">\n<li>Sirve para 4 personas: entre 329\u20ac y 1450\u20ac<\/li>\n\n\n\n<li>Para 8 personas: entre 490\u20ac y 2550\u20ac<\/li>\n\n\n\n<li>Para 16 personas: entre 990\u20ac y 5000\u20ac<\/li>\n<\/ul>\n\n\n\n<h2 class=\"wp-block-heading\">\u00bfQu\u00e9 zona de esqu\u00ed elegir cerca de Meg\u00e8ve?<\/h2>\n\n\n\n<p><strong>\u00bfPor qu\u00e9 esquiar en el Espace Diamant?<\/strong><\/p>\n\n\n\n<ul class=\"wp-block-list\">\n<li>Vista panor\u00e1mica de 360\u00b0 de las cadenas monta\u00f1osas de Aravis, Mont Blanc, Beaufortain\u2026<\/li>\n\n\n\n<li>El sexto dominio esquiable interconectado m\u00e1s grande de Francia: 192 km de pistas para todos los niveles<\/li>\n\n\n\n<li>Dos zonas vinculadas: Val d&rsquo;Arly (Praz, Flumet, Notre Dame de Bellecombe) o Espace Diamant (incluidos Les Saisies y Crest Voland)<\/li>\n\n\n\n<li>Un precio de paquete muy atractivo, entre los m\u00e1s bajos del mercado.<\/li>\n\n\n\n<li>Los tiempos de espera en los ascensores de Notre Dame de Bellecombe son muy cortos.<\/li>\n\n\n\n<li>Pueblos tur\u00edsticos a escala humana<\/li>\n<\/ul>\n\n\n\n<h2 class=\"wp-block-heading\"><strong>\u00bfSe permiten animales en el?<\/strong>\u00bfChalets?<\/h2>\n\n\n\n<p><strong>S\u00ed<\/strong> , las mascotas son bienvenidas y se admiten de forma gratuita.<\/p>\n\n\n\n<h2 class=\"wp-block-heading\">\u00bfLos chalets disponen de parking?<\/h2>\n\n\n\n<p>S\u00ed, todos cuentan con dos plazas de aparcamiento privadas. El Chalet Lachat tambi\u00e9n dispone de garaje.<\/p>\n\n\n\n<p><img decoding=\"async\" src=\"https:\/\/chaletsavoie.net\/wp-content\/uploads\/2026\/02\/IMG_1648-1024x576.jpg\" alt=\"Las caba\u00f1as de Heidi\" srcset=\"https:\/\/chaletsavoie.net\/wp-content\/uploads\/2026\/02\/IMG_1648-1024x576.jpg 1024w, https:\/\/chaletsavoie.net\/wp-content\/uploads\/2026\/02\/IMG_1648-300x170.jpg 300w, https:\/\/chaletsavoie.net\/wp-content\/uploads\/2026\/02\/IMG_1648-768x432.jpg 768w, https:\/\/chaletsavoie.net\/wp-content\/uploads\/2026\/02\/IMG_1648-1536x864.jpg 1536w, https:\/\/chaletsavoie.net\/wp-content\/uploads\/2026\/02\/IMG_1648-2048x1152.jpg 2048w, https:\/\/chaletsavoie.net\/wp-content\/uploads\/2026\/02\/IMG_1648-107x60.jpg 107w\" width=\"1024\"> Las caba\u00f1as de Heidi<\/p>\n\n\n\n<h2 class=\"wp-block-heading\">\u00bfPodemos visitar estos chalets en todas las estaciones?<\/h2>\n\n\n\n<p>S\u00ed, los alquileres son posibles durante todo el a\u00f1o.<\/p>\n\n\n\n<h2 class=\"wp-block-heading\">\u00bfSe ofrecen actividades cercanas en primavera o verano?<\/h2>\n\n\n\n<p><br>Haga clic en este enlace para <a href=\"https:\/\/chaletsavoie.net\/wp-content\/uploads\/2025\/12\/What-to-visit.pdf\" target=\"_blank\" rel=\"noreferrer noopener\">Gu\u00eda de actividades<\/a> para hacer en los alrededores<\/p>\n","protected":false},"excerpt":{"rendered":"<p>Los chalets que ofrece Chaletsavoie.com se encuentran en Notre-Dame-de-Bellecombe , a unos 20 minutos de Meg\u00e8ve. Este complejo familiar forma parte de la zona de esqu\u00ed Espace Diamant.Los chalets de Heidi, como el chalet Lachat, se encuentran en un entorno rural y residencial.Se admiten mascotas &hellip; <\/p>\n","protected":false},"author":1,"featured_media":0,"parent":0,"menu_order":0,"comment_status":"closed","ping_status":"closed","template":"","meta":{"footnotes":""},"class_list":["post-1778","page","type-page","status-publish","hentry"],"yoast_head":"<!-- This site is optimized with the Yoast SEO plugin v27.4 - https:\/\/yoast.com\/product\/yoast-seo-wordpress\/ -->\n<title>\u00bfD\u00f3nde puedo alquilar un chalet cerca de Meg\u00e8ve por menos dinero? - Chaletsavoie.net : Locations de chalets et appartements<\/title>\n<meta name=\"description\" content=\"Des chalets de 4 \u00e0 16 personnes, \u00e0 15km de Megeve, \u00e0 proximit\u00e9 des pistes de ski et des randonn\u00e9es en \u00e9t\u00e9\" \/>\n<meta name=\"robots\" content=\"index, follow, max-snippet:-1, max-image-preview:large, max-video-preview:-1\" \/>\n<link rel=\"canonical\" href=\"https:\/\/chaletsavoie.net\/index.php\/es\/donde-puedo-alquilar-un-chalet-cerca-de-megeve-por-menos-dinero\/\" \/>\n<meta property=\"og:locale\" content=\"fr_FR\" \/>\n<meta property=\"og:type\" content=\"article\" \/>\n<meta property=\"og:title\" content=\"\u00bfD\u00f3nde puedo alquilar un chalet cerca de Meg\u00e8ve por menos dinero? - Chaletsavoie.net : Locations de chalets et appartements\" \/>\n<meta property=\"og:description\" content=\"Des chalets de 4 \u00e0 16 personnes, \u00e0 15km de Megeve, \u00e0 proximit\u00e9 des pistes de ski et des randonn\u00e9es en \u00e9t\u00e9\" \/>\n<meta property=\"og:url\" content=\"https:\/\/chaletsavoie.net\/index.php\/es\/donde-puedo-alquilar-un-chalet-cerca-de-megeve-por-menos-dinero\/\" \/>\n<meta property=\"og:site_name\" content=\"Chaletsavoie.net : Locations de chalets et appartements\" \/>\n<meta property=\"article:modified_time\" content=\"2026-03-11T17:55:25+00:00\" \/>\n<meta property=\"og:image\" content=\"https:\/\/chaletsavoie.net\/wp-content\/uploads\/2026\/02\/IMG_1648-1024x576.jpg\" \/>\n<meta name=\"twitter:card\" content=\"summary_large_image\" \/>\n<meta name=\"twitter:label1\" content=\"Dur\u00e9e de lecture estim\u00e9e\" \/>\n\t<meta name=\"twitter:data1\" content=\"3 minutes\" \/>\n<script type=\"application\/ld+json\" class=\"yoast-schema-graph\">{\"@context\":\"https:\\\/\\\/schema.org\",\"@graph\":[{\"@type\":\"WebPage\",\"@id\":\"https:\\\/\\\/chaletsavoie.net\\\/index.php\\\/es\\\/donde-puedo-alquilar-un-chalet-cerca-de-megeve-por-menos-dinero\\\/\",\"url\":\"https:\\\/\\\/chaletsavoie.net\\\/index.php\\\/es\\\/donde-puedo-alquilar-un-chalet-cerca-de-megeve-por-menos-dinero\\\/\",\"name\":\"\u00bfD\u00f3nde puedo alquilar un chalet cerca de Meg\u00e8ve por menos dinero? - Chaletsavoie.net : Locations de chalets et appartements\",\"isPartOf\":{\"@id\":\"https:\\\/\\\/chaletsavoie.net\\\/#website\"},\"primaryImageOfPage\":{\"@id\":\"https:\\\/\\\/chaletsavoie.net\\\/index.php\\\/es\\\/donde-puedo-alquilar-un-chalet-cerca-de-megeve-por-menos-dinero\\\/#primaryimage\"},\"image\":{\"@id\":\"https:\\\/\\\/chaletsavoie.net\\\/index.php\\\/es\\\/donde-puedo-alquilar-un-chalet-cerca-de-megeve-por-menos-dinero\\\/#primaryimage\"},\"thumbnailUrl\":\"https:\\\/\\\/chaletsavoie.net\\\/wp-content\\\/uploads\\\/2026\\\/02\\\/IMG_1648-1024x576.jpg\",\"datePublished\":\"2026-03-11T17:34:44+00:00\",\"dateModified\":\"2026-03-11T17:55:25+00:00\",\"description\":\"Des chalets de 4 \u00e0 16 personnes, \u00e0 15km de Megeve, \u00e0 proximit\u00e9 des pistes de ski et des randonn\u00e9es en \u00e9t\u00e9\",\"breadcrumb\":{\"@id\":\"https:\\\/\\\/chaletsavoie.net\\\/index.php\\\/es\\\/donde-puedo-alquilar-un-chalet-cerca-de-megeve-por-menos-dinero\\\/#breadcrumb\"},\"inLanguage\":\"fr-FR\",\"potentialAction\":[{\"@type\":\"ReadAction\",\"target\":[\"https:\\\/\\\/chaletsavoie.net\\\/index.php\\\/es\\\/donde-puedo-alquilar-un-chalet-cerca-de-megeve-por-menos-dinero\\\/\"]}]},{\"@type\":\"ImageObject\",\"inLanguage\":\"fr-FR\",\"@id\":\"https:\\\/\\\/chaletsavoie.net\\\/index.php\\\/es\\\/donde-puedo-alquilar-un-chalet-cerca-de-megeve-por-menos-dinero\\\/#primaryimage\",\"url\":\"https:\\\/\\\/chaletsavoie.net\\\/wp-content\\\/uploads\\\/2026\\\/02\\\/IMG_1648-scaled.jpg\",\"contentUrl\":\"https:\\\/\\\/chaletsavoie.net\\\/wp-content\\\/uploads\\\/2026\\\/02\\\/IMG_1648-scaled.jpg\",\"width\":2560,\"height\":1440,\"caption\":\"Les chalets d'Heidi\"},{\"@type\":\"BreadcrumbList\",\"@id\":\"https:\\\/\\\/chaletsavoie.net\\\/index.php\\\/es\\\/donde-puedo-alquilar-un-chalet-cerca-de-megeve-por-menos-dinero\\\/#breadcrumb\",\"itemListElement\":[{\"@type\":\"ListItem\",\"position\":1,\"name\":\"Accueil\",\"item\":\"https:\\\/\\\/www.chaletsavoie.net\\\/index.php\\\/fr\\\/\"},{\"@type\":\"ListItem\",\"position\":2,\"name\":\"\u00bfD\u00f3nde puedo alquilar un chalet cerca de Meg\u00e8ve por menos dinero?\"}]},{\"@type\":\"WebSite\",\"@id\":\"https:\\\/\\\/chaletsavoie.net\\\/#website\",\"url\":\"https:\\\/\\\/chaletsavoie.net\\\/\",\"name\":\"Chaletsavoie : Locations de chalets et appartements\",\"description\":\"Pour les vacances, Chalets et appartements \u00e0 louer en Savoie, \u00e0 ND de Bellecombe, au coeur de l&#039;Espace Diamant\",\"publisher\":{\"@id\":\"https:\\\/\\\/chaletsavoie.net\\\/#organization\"},\"potentialAction\":[{\"@type\":\"SearchAction\",\"target\":{\"@type\":\"EntryPoint\",\"urlTemplate\":\"https:\\\/\\\/chaletsavoie.net\\\/?s={search_term_string}\"},\"query-input\":{\"@type\":\"PropertyValueSpecification\",\"valueRequired\":true,\"valueName\":\"search_term_string\"}}],\"inLanguage\":\"fr-FR\"},{\"@type\":\"Organization\",\"@id\":\"https:\\\/\\\/chaletsavoie.net\\\/#organization\",\"name\":\"Chaletsavoie : Locations de chalets et appartements\",\"url\":\"https:\\\/\\\/chaletsavoie.net\\\/\",\"logo\":{\"@type\":\"ImageObject\",\"inLanguage\":\"fr-FR\",\"@id\":\"https:\\\/\\\/chaletsavoie.net\\\/#\\\/schema\\\/logo\\\/image\\\/\",\"url\":\"https:\\\/\\\/chaletsavoie.net\\\/wp-content\\\/uploads\\\/2022\\\/10\\\/vue-aerienne-chalets-heidi-2.jpg\",\"contentUrl\":\"https:\\\/\\\/chaletsavoie.net\\\/wp-content\\\/uploads\\\/2022\\\/10\\\/vue-aerienne-chalets-heidi-2.jpg\",\"width\":1680,\"height\":705,\"caption\":\"Chaletsavoie : Locations de chalets et appartements\"},\"image\":{\"@id\":\"https:\\\/\\\/chaletsavoie.net\\\/#\\\/schema\\\/logo\\\/image\\\/\"}}]}<\/script>\n<!-- \/ Yoast SEO plugin. -->","yoast_head_json":{"title":"\u00bfD\u00f3nde puedo alquilar un chalet cerca de Meg\u00e8ve por menos dinero? - Chaletsavoie.net : Locations de chalets et appartements","description":"Des chalets de 4 \u00e0 16 personnes, \u00e0 15km de Megeve, \u00e0 proximit\u00e9 des pistes de ski et des randonn\u00e9es en \u00e9t\u00e9","robots":{"index":"index","follow":"follow","max-snippet":"max-snippet:-1","max-image-preview":"max-image-preview:large","max-video-preview":"max-video-preview:-1"},"canonical":"https:\/\/chaletsavoie.net\/index.php\/es\/donde-puedo-alquilar-un-chalet-cerca-de-megeve-por-menos-dinero\/","og_locale":"fr_FR","og_type":"article","og_title":"\u00bfD\u00f3nde puedo alquilar un chalet cerca de Meg\u00e8ve por menos dinero? - Chaletsavoie.net : Locations de chalets et appartements","og_description":"Des chalets de 4 \u00e0 16 personnes, \u00e0 15km de Megeve, \u00e0 proximit\u00e9 des pistes de ski et des randonn\u00e9es en \u00e9t\u00e9","og_url":"https:\/\/chaletsavoie.net\/index.php\/es\/donde-puedo-alquilar-un-chalet-cerca-de-megeve-por-menos-dinero\/","og_site_name":"Chaletsavoie.net : Locations de chalets et appartements","article_modified_time":"2026-03-11T17:55:25+00:00","og_image":[{"url":"https:\/\/chaletsavoie.net\/wp-content\/uploads\/2026\/02\/IMG_1648-1024x576.jpg","type":"","width":"","height":""}],"twitter_card":"summary_large_image","twitter_misc":{"Dur\u00e9e de lecture estim\u00e9e":"3 minutes"},"schema":{"@context":"https:\/\/schema.org","@graph":[{"@type":"WebPage","@id":"https:\/\/chaletsavoie.net\/index.php\/es\/donde-puedo-alquilar-un-chalet-cerca-de-megeve-por-menos-dinero\/","url":"https:\/\/chaletsavoie.net\/index.php\/es\/donde-puedo-alquilar-un-chalet-cerca-de-megeve-por-menos-dinero\/","name":"\u00bfD\u00f3nde puedo alquilar un chalet cerca de Meg\u00e8ve por menos dinero? - Chaletsavoie.net : Locations de chalets et appartements","isPartOf":{"@id":"https:\/\/chaletsavoie.net\/#website"},"primaryImageOfPage":{"@id":"https:\/\/chaletsavoie.net\/index.php\/es\/donde-puedo-alquilar-un-chalet-cerca-de-megeve-por-menos-dinero\/#primaryimage"},"image":{"@id":"https:\/\/chaletsavoie.net\/index.php\/es\/donde-puedo-alquilar-un-chalet-cerca-de-megeve-por-menos-dinero\/#primaryimage"},"thumbnailUrl":"https:\/\/chaletsavoie.net\/wp-content\/uploads\/2026\/02\/IMG_1648-1024x576.jpg","datePublished":"2026-03-11T17:34:44+00:00","dateModified":"2026-03-11T17:55:25+00:00","description":"Des chalets de 4 \u00e0 16 personnes, \u00e0 15km de Megeve, \u00e0 proximit\u00e9 des pistes de ski et des randonn\u00e9es en \u00e9t\u00e9","breadcrumb":{"@id":"https:\/\/chaletsavoie.net\/index.php\/es\/donde-puedo-alquilar-un-chalet-cerca-de-megeve-por-menos-dinero\/#breadcrumb"},"inLanguage":"fr-FR","potentialAction":[{"@type":"ReadAction","target":["https:\/\/chaletsavoie.net\/index.php\/es\/donde-puedo-alquilar-un-chalet-cerca-de-megeve-por-menos-dinero\/"]}]},{"@type":"ImageObject","inLanguage":"fr-FR","@id":"https:\/\/chaletsavoie.net\/index.php\/es\/donde-puedo-alquilar-un-chalet-cerca-de-megeve-por-menos-dinero\/#primaryimage","url":"https:\/\/chaletsavoie.net\/wp-content\/uploads\/2026\/02\/IMG_1648-scaled.jpg","contentUrl":"https:\/\/chaletsavoie.net\/wp-content\/uploads\/2026\/02\/IMG_1648-scaled.jpg","width":2560,"height":1440,"caption":"Les chalets d'Heidi"},{"@type":"BreadcrumbList","@id":"https:\/\/chaletsavoie.net\/index.php\/es\/donde-puedo-alquilar-un-chalet-cerca-de-megeve-por-menos-dinero\/#breadcrumb","itemListElement":[{"@type":"ListItem","position":1,"name":"Accueil","item":"https:\/\/www.chaletsavoie.net\/index.php\/fr\/"},{"@type":"ListItem","position":2,"name":"\u00bfD\u00f3nde puedo alquilar un chalet cerca de Meg\u00e8ve por menos dinero?"}]},{"@type":"WebSite","@id":"https:\/\/chaletsavoie.net\/#website","url":"https:\/\/chaletsavoie.net\/","name":"Chaletsavoie : Locations de chalets et appartements","description":"Pour les vacances, Chalets et appartements \u00e0 louer en Savoie, \u00e0 ND de Bellecombe, au coeur de l&#039;Espace Diamant","publisher":{"@id":"https:\/\/chaletsavoie.net\/#organization"},"potentialAction":[{"@type":"SearchAction","target":{"@type":"EntryPoint","urlTemplate":"https:\/\/chaletsavoie.net\/?s={search_term_string}"},"query-input":{"@type":"PropertyValueSpecification","valueRequired":true,"valueName":"search_term_string"}}],"inLanguage":"fr-FR"},{"@type":"Organization","@id":"https:\/\/chaletsavoie.net\/#organization","name":"Chaletsavoie : Locations de chalets et appartements","url":"https:\/\/chaletsavoie.net\/","logo":{"@type":"ImageObject","inLanguage":"fr-FR","@id":"https:\/\/chaletsavoie.net\/#\/schema\/logo\/image\/","url":"https:\/\/chaletsavoie.net\/wp-content\/uploads\/2022\/10\/vue-aerienne-chalets-heidi-2.jpg","contentUrl":"https:\/\/chaletsavoie.net\/wp-content\/uploads\/2022\/10\/vue-aerienne-chalets-heidi-2.jpg","width":1680,"height":705,"caption":"Chaletsavoie : Locations de chalets et appartements"},"image":{"@id":"https:\/\/chaletsavoie.net\/#\/schema\/logo\/image\/"}}]}},"_links":{"self":[{"href":"https:\/\/chaletsavoie.net\/index.php\/wp-json\/wp\/v2\/pages\/1778","targetHints":{"allow":["GET"]}}],"collection":[{"href":"https:\/\/chaletsavoie.net\/index.php\/wp-json\/wp\/v2\/pages"}],"about":[{"href":"https:\/\/chaletsavoie.net\/index.php\/wp-json\/wp\/v2\/types\/page"}],"author":[{"embeddable":true,"href":"https:\/\/chaletsavoie.net\/index.php\/wp-json\/wp\/v2\/users\/1"}],"replies":[{"embeddable":true,"href":"https:\/\/chaletsavoie.net\/index.php\/wp-json\/wp\/v2\/comments?post=1778"}],"version-history":[{"count":3,"href":"https:\/\/chaletsavoie.net\/index.php\/wp-json\/wp\/v2\/pages\/1778\/revisions"}],"predecessor-version":[{"id":1795,"href":"https:\/\/chaletsavoie.net\/index.php\/wp-json\/wp\/v2\/pages\/1778\/revisions\/1795"}],"wp:attachment":[{"href":"https:\/\/chaletsavoie.net\/index.php\/wp-json\/wp\/v2\/media?parent=1778"}],"curies":[{"name":"wp","href":"https:\/\/api.w.org\/{rel}","templated":true}]}}