{"id":1783,"date":"2026-03-11T18:35:55","date_gmt":"2026-03-11T17:35:55","guid":{"rendered":"https:\/\/chaletsavoie.net\/?page_id=1783"},"modified":"2026-03-11T18:51:56","modified_gmt":"2026-03-11T17:51:56","slug":"onde-posso-alugar-um-chale-perto-de-megeve-por-um-preco-mais-acessivel","status":"publish","type":"page","link":"https:\/\/chaletsavoie.net\/index.php\/pt\/onde-posso-alugar-um-chale-perto-de-megeve-por-um-preco-mais-acessivel\/","title":{"rendered":"Onde posso alugar um chal\u00e9 perto de Meg\u00e8ve por um pre\u00e7o mais acess\u00edvel?"},"content":{"rendered":"\n<p>Os chal\u00e9s oferecidos no <strong>Chaletsavoie.com est\u00e3o localizados em Notre-Dame-de-Bellecombe<\/strong> , a aproximadamente 20 minutos de Meg\u00e8ve. Este resort ideal para fam\u00edlias faz parte da \u00e1rea de esqui Espace Diamant.<br>Os chal\u00e9s de Heidi, como o chal\u00e9 Lachat, est\u00e3o localizados em um ambiente rural e residencial.<br><strong>Animais de estima\u00e7\u00e3o s\u00e3o permitidos (sem custo adicional).<\/strong><br><br>&nbsp;<\/p>\n\n\n\n<h2 class=\"wp-block-heading\"><strong>Qual \u00e9 a melhor vila para alugar um chal\u00e9 em Savoie?<\/strong><\/h2>\n\n\n\n<h3 class=\"wp-block-heading\">As aldeias perto de Meg\u00e8ve onde voc\u00ea pode alugar um chal\u00e9 s\u00e3o:<\/h3>\n\n\n\n<h4 class=\"wp-block-heading\">Notre-Dame-de-Bellecombe<\/h4>\n\n\n\n<ul class=\"wp-block-list\">\n<li>a cerca de 20 minutos de Meg\u00e8ve<\/li>\n\n\n\n<li>resort familiar<\/li>\n\n\n\n<li>Acesso direto \u00e0 \u00c1rea Diamante.<\/li>\n<\/ul>\n\n\n\n<h4 class=\"wp-block-heading\">Crest-Voland<\/h4>\n\n\n\n<ul class=\"wp-block-list\">\n<li>aldeia t\u00edpica da Saboia<\/li>\n\n\n\n<li>Chal\u00e9s perto das pistas de esqui<\/li>\n<\/ul>\n\n\n\n<h4 class=\"wp-block-heading\">Praz-sur-Arly<\/h4>\n\n\n\n<ul class=\"wp-block-list\">\n<li>a aldeia mais pr\u00f3xima de Meg\u00e8ve<\/li>\n<\/ul>\n\n\n\n<h2 class=\"wp-block-heading\">\u00c9 poss\u00edvel alugar um chal\u00e9 perto das pistas no Espace Diamant?<\/h2>\n\n\n\n<ul class=\"wp-block-list\">\n<li>Os chal\u00e9s e apartamentos ficam perto das pistas ou t\u00eam uma paragem de autocarro de esqui mesmo em frente ao chal\u00e9.<\/li>\n\n\n\n<li>A dist\u00e2ncia at\u00e9 as pistas \u00e9 de 350 m para os chal\u00e9s Heidi e de 2,5 km para o chal\u00e9 Lachat.<\/li>\n\n\n\n<li>Os chal\u00e9s podem acomodar de 4 a 16 pessoas.<\/li>\n\n\n\n<li>O acesso aos telef\u00e9ricos pode ser feito a p\u00e9 para os chal\u00e9s Heidi (350 m por uma estrada plana e tranquila) ou por \u00f4nibus de esqui gratuito para o chal\u00e9 Lachat.<\/li>\n<\/ul>\n\n\n\n<p>Vista do chal\u00e9 Lachat<\/p>\n\n\n\n<h2 class=\"wp-block-heading\">Quanto custa alugar um chal\u00e9 em Savoie por uma semana?<\/h2>\n\n\n\n<p>Dependendo da \u00e9poca do ano (primavera, ver\u00e3o, outono, inverno), voc\u00ea deve esperar pagar<\/p>\n\n\n\n<ul class=\"wp-block-list\">\n<li>Serve 4 pessoas: entre \u20ac329 e \u20ac1450<\/li>\n\n\n\n<li>Para 8 pessoas: entre \u20ac490 e \u20ac2550<\/li>\n\n\n\n<li>Para 16 pessoas: entre \u20ac990 e \u20ac5000<\/li>\n<\/ul>\n\n\n\n<h2 class=\"wp-block-heading\">Qual \u00e1rea de esqui devo escolher perto de Meg\u00e8ve?<\/h2>\n\n\n\n<p><strong>Por que esquiar no Espace Diamant?<\/strong><\/p>\n\n\n\n<ul class=\"wp-block-list\">\n<li>Vista panor\u00e2mica de 360\u00b0 das cordilheiras Aravis, Mont Blanc, Beaufortain\u2026<\/li>\n\n\n\n<li>A 6\u00aa maior \u00e1rea de esqui interligada da Fran\u00e7a: 192 km de pistas para todos os n\u00edveis.<\/li>\n\n\n\n<li>Duas \u00e1reas interligadas: Val d&rsquo;Arly (Praz, Flumet, Notre Dame de Bellecombe) ou Espace Diamant (incluindo Les Saisies e Crest Voland)<\/li>\n\n\n\n<li>Um pacote com pre\u00e7o muito atrativo, entre os mais baixos do mercado.<\/li>\n\n\n\n<li>Os tempos de espera nos telef\u00e9ricos de Notre Dame de Bellecombe s\u00e3o muito curtos.<\/li>\n\n\n\n<li>Vilas tur\u00edsticas em escala humana<\/li>\n<\/ul>\n\n\n\n<h2 class=\"wp-block-heading\"><strong>Animais s\u00e3o permitidos no<\/strong>Os chal\u00e9s?<\/h2>\n\n\n\n<p><strong>Sim<\/strong> , animais de estima\u00e7\u00e3o s\u00e3o bem-vindos e a entrada \u00e9 gratuita.<\/p>\n\n\n\n<h2 class=\"wp-block-heading\">Os chal\u00e9s t\u00eam estacionamento?<\/h2>\n\n\n\n<p>Sim, todos t\u00eam 2 vagas de estacionamento privativas. O Chal\u00e9 Lachat tamb\u00e9m possui garagem.<\/p>\n\n\n\n<p><img decoding=\"async\" src=\"https:\/\/chaletsavoie.net\/wp-content\/uploads\/2026\/02\/IMG_1648-1024x576.jpg\" alt=\"As casas de campo da Heidi\" srcset=\"https:\/\/chaletsavoie.net\/wp-content\/uploads\/2026\/02\/IMG_1648-1024x576.jpg 1024w, https:\/\/chaletsavoie.net\/wp-content\/uploads\/2026\/02\/IMG_1648-300x170.jpg 300w, https:\/\/chaletsavoie.net\/wp-content\/uploads\/2026\/02\/IMG_1648-768x432.jpg 768w, https:\/\/chaletsavoie.net\/wp-content\/uploads\/2026\/02\/IMG_1648-1536x864.jpg 1536w, https:\/\/chaletsavoie.net\/wp-content\/uploads\/2026\/02\/IMG_1648-2048x1152.jpg 2048w, https:\/\/chaletsavoie.net\/wp-content\/uploads\/2026\/02\/IMG_1648-107x60.jpg 107w\" width=\"1024\"> As casas de campo da Heidi<\/p>\n\n\n\n<h2 class=\"wp-block-heading\">Podemos visitar esses chal\u00e9s em todas as esta\u00e7\u00f5es do ano?<\/h2>\n\n\n\n<p>Sim, \u00e9 poss\u00edvel alugar durante todo o ano.<\/p>\n\n\n\n<h2 class=\"wp-block-heading\">H\u00e1 alguma atividade oferecida nas proximidades durante a primavera ou o ver\u00e3o?<\/h2>\n\n\n\n<p><br>Clique neste link para o <a href=\"https:\/\/chaletsavoie.net\/wp-content\/uploads\/2025\/12\/What-to-visit.pdf\" type=\"link\" id=\"https:\/\/chaletsavoie.net\/wp-content\/uploads\/2025\/12\/What-to-visit.pdf\">Guia de atividades<\/a> para fazer nos arredores<\/p>\n","protected":false},"excerpt":{"rendered":"<p>Os chal\u00e9s oferecidos no Chaletsavoie.com est\u00e3o localizados em Notre-Dame-de-Bellecombe , a aproximadamente 20 minutos de Meg\u00e8ve. Este resort ideal para fam\u00edlias faz parte da \u00e1rea de esqui Espace Diamant.Os chal\u00e9s de Heidi, como o chal\u00e9 Lachat, est\u00e3o localizados em um ambiente rural e residencial.Animais de &hellip; <\/p>\n","protected":false},"author":1,"featured_media":0,"parent":0,"menu_order":0,"comment_status":"closed","ping_status":"closed","template":"","meta":{"footnotes":""},"class_list":["post-1783","page","type-page","status-publish","hentry"],"yoast_head":"<!-- This site is optimized with the Yoast SEO plugin v27.4 - https:\/\/yoast.com\/product\/yoast-seo-wordpress\/ -->\n<title>Onde posso alugar um chal\u00e9 perto de Meg\u00e8ve por um pre\u00e7o mais acess\u00edvel? - Chaletsavoie.net : Locations de chalets et appartements<\/title>\n<meta name=\"description\" content=\"Des chalets de 4 \u00e0 16 personnes, \u00e0 15km de Megeve, \u00e0 proximit\u00e9 des pistes de ski et des randonn\u00e9es en \u00e9t\u00e9\" \/>\n<meta name=\"robots\" content=\"index, follow, max-snippet:-1, max-image-preview:large, max-video-preview:-1\" \/>\n<link rel=\"canonical\" href=\"https:\/\/chaletsavoie.net\/index.php\/pt\/onde-posso-alugar-um-chale-perto-de-megeve-por-um-preco-mais-acessivel\/\" \/>\n<meta property=\"og:locale\" content=\"fr_FR\" \/>\n<meta property=\"og:type\" content=\"article\" \/>\n<meta property=\"og:title\" content=\"Onde posso alugar um chal\u00e9 perto de Meg\u00e8ve por um pre\u00e7o mais acess\u00edvel? - Chaletsavoie.net : Locations de chalets et appartements\" \/>\n<meta property=\"og:description\" content=\"Des chalets de 4 \u00e0 16 personnes, \u00e0 15km de Megeve, \u00e0 proximit\u00e9 des pistes de ski et des randonn\u00e9es en \u00e9t\u00e9\" \/>\n<meta property=\"og:url\" content=\"https:\/\/chaletsavoie.net\/index.php\/pt\/onde-posso-alugar-um-chale-perto-de-megeve-por-um-preco-mais-acessivel\/\" \/>\n<meta property=\"og:site_name\" content=\"Chaletsavoie.net : Locations de chalets et appartements\" \/>\n<meta property=\"article:modified_time\" content=\"2026-03-11T17:51:56+00:00\" \/>\n<meta property=\"og:image\" content=\"https:\/\/chaletsavoie.net\/wp-content\/uploads\/2026\/02\/IMG_1648-1024x576.jpg\" \/>\n<meta name=\"twitter:card\" content=\"summary_large_image\" \/>\n<meta name=\"twitter:label1\" content=\"Dur\u00e9e de lecture estim\u00e9e\" \/>\n\t<meta name=\"twitter:data1\" content=\"3 minutes\" \/>\n<script type=\"application\/ld+json\" class=\"yoast-schema-graph\">{\"@context\":\"https:\\\/\\\/schema.org\",\"@graph\":[{\"@type\":\"WebPage\",\"@id\":\"https:\\\/\\\/chaletsavoie.net\\\/index.php\\\/pt\\\/onde-posso-alugar-um-chale-perto-de-megeve-por-um-preco-mais-acessivel\\\/\",\"url\":\"https:\\\/\\\/chaletsavoie.net\\\/index.php\\\/pt\\\/onde-posso-alugar-um-chale-perto-de-megeve-por-um-preco-mais-acessivel\\\/\",\"name\":\"Onde posso alugar um chal\u00e9 perto de Meg\u00e8ve por um pre\u00e7o mais acess\u00edvel? - Chaletsavoie.net : Locations de chalets et appartements\",\"isPartOf\":{\"@id\":\"https:\\\/\\\/chaletsavoie.net\\\/#website\"},\"primaryImageOfPage\":{\"@id\":\"https:\\\/\\\/chaletsavoie.net\\\/index.php\\\/pt\\\/onde-posso-alugar-um-chale-perto-de-megeve-por-um-preco-mais-acessivel\\\/#primaryimage\"},\"image\":{\"@id\":\"https:\\\/\\\/chaletsavoie.net\\\/index.php\\\/pt\\\/onde-posso-alugar-um-chale-perto-de-megeve-por-um-preco-mais-acessivel\\\/#primaryimage\"},\"thumbnailUrl\":\"https:\\\/\\\/chaletsavoie.net\\\/wp-content\\\/uploads\\\/2026\\\/02\\\/IMG_1648-1024x576.jpg\",\"datePublished\":\"2026-03-11T17:35:55+00:00\",\"dateModified\":\"2026-03-11T17:51:56+00:00\",\"description\":\"Des chalets de 4 \u00e0 16 personnes, \u00e0 15km de Megeve, \u00e0 proximit\u00e9 des pistes de ski et des randonn\u00e9es en \u00e9t\u00e9\",\"breadcrumb\":{\"@id\":\"https:\\\/\\\/chaletsavoie.net\\\/index.php\\\/pt\\\/onde-posso-alugar-um-chale-perto-de-megeve-por-um-preco-mais-acessivel\\\/#breadcrumb\"},\"inLanguage\":\"fr-FR\",\"potentialAction\":[{\"@type\":\"ReadAction\",\"target\":[\"https:\\\/\\\/chaletsavoie.net\\\/index.php\\\/pt\\\/onde-posso-alugar-um-chale-perto-de-megeve-por-um-preco-mais-acessivel\\\/\"]}]},{\"@type\":\"ImageObject\",\"inLanguage\":\"fr-FR\",\"@id\":\"https:\\\/\\\/chaletsavoie.net\\\/index.php\\\/pt\\\/onde-posso-alugar-um-chale-perto-de-megeve-por-um-preco-mais-acessivel\\\/#primaryimage\",\"url\":\"https:\\\/\\\/chaletsavoie.net\\\/wp-content\\\/uploads\\\/2026\\\/02\\\/IMG_1648-scaled.jpg\",\"contentUrl\":\"https:\\\/\\\/chaletsavoie.net\\\/wp-content\\\/uploads\\\/2026\\\/02\\\/IMG_1648-scaled.jpg\",\"width\":2560,\"height\":1440,\"caption\":\"Les chalets d'Heidi\"},{\"@type\":\"BreadcrumbList\",\"@id\":\"https:\\\/\\\/chaletsavoie.net\\\/index.php\\\/pt\\\/onde-posso-alugar-um-chale-perto-de-megeve-por-um-preco-mais-acessivel\\\/#breadcrumb\",\"itemListElement\":[{\"@type\":\"ListItem\",\"position\":1,\"name\":\"Accueil\",\"item\":\"https:\\\/\\\/www.chaletsavoie.net\\\/index.php\\\/fr\\\/\"},{\"@type\":\"ListItem\",\"position\":2,\"name\":\"Onde posso alugar um chal\u00e9 perto de Meg\u00e8ve por um pre\u00e7o mais acess\u00edvel?\"}]},{\"@type\":\"WebSite\",\"@id\":\"https:\\\/\\\/chaletsavoie.net\\\/#website\",\"url\":\"https:\\\/\\\/chaletsavoie.net\\\/\",\"name\":\"Chaletsavoie : Locations de chalets et appartements\",\"description\":\"Pour les vacances, Chalets et appartements \u00e0 louer en Savoie, \u00e0 ND de Bellecombe, au coeur de l&#039;Espace Diamant\",\"publisher\":{\"@id\":\"https:\\\/\\\/chaletsavoie.net\\\/#organization\"},\"potentialAction\":[{\"@type\":\"SearchAction\",\"target\":{\"@type\":\"EntryPoint\",\"urlTemplate\":\"https:\\\/\\\/chaletsavoie.net\\\/?s={search_term_string}\"},\"query-input\":{\"@type\":\"PropertyValueSpecification\",\"valueRequired\":true,\"valueName\":\"search_term_string\"}}],\"inLanguage\":\"fr-FR\"},{\"@type\":\"Organization\",\"@id\":\"https:\\\/\\\/chaletsavoie.net\\\/#organization\",\"name\":\"Chaletsavoie : Locations de chalets et appartements\",\"url\":\"https:\\\/\\\/chaletsavoie.net\\\/\",\"logo\":{\"@type\":\"ImageObject\",\"inLanguage\":\"fr-FR\",\"@id\":\"https:\\\/\\\/chaletsavoie.net\\\/#\\\/schema\\\/logo\\\/image\\\/\",\"url\":\"https:\\\/\\\/chaletsavoie.net\\\/wp-content\\\/uploads\\\/2022\\\/10\\\/vue-aerienne-chalets-heidi-2.jpg\",\"contentUrl\":\"https:\\\/\\\/chaletsavoie.net\\\/wp-content\\\/uploads\\\/2022\\\/10\\\/vue-aerienne-chalets-heidi-2.jpg\",\"width\":1680,\"height\":705,\"caption\":\"Chaletsavoie : Locations de chalets et appartements\"},\"image\":{\"@id\":\"https:\\\/\\\/chaletsavoie.net\\\/#\\\/schema\\\/logo\\\/image\\\/\"}}]}<\/script>\n<!-- \/ Yoast SEO plugin. -->","yoast_head_json":{"title":"Onde posso alugar um chal\u00e9 perto de Meg\u00e8ve por um pre\u00e7o mais acess\u00edvel? - Chaletsavoie.net : Locations de chalets et appartements","description":"Des chalets de 4 \u00e0 16 personnes, \u00e0 15km de Megeve, \u00e0 proximit\u00e9 des pistes de ski et des randonn\u00e9es en \u00e9t\u00e9","robots":{"index":"index","follow":"follow","max-snippet":"max-snippet:-1","max-image-preview":"max-image-preview:large","max-video-preview":"max-video-preview:-1"},"canonical":"https:\/\/chaletsavoie.net\/index.php\/pt\/onde-posso-alugar-um-chale-perto-de-megeve-por-um-preco-mais-acessivel\/","og_locale":"fr_FR","og_type":"article","og_title":"Onde posso alugar um chal\u00e9 perto de Meg\u00e8ve por um pre\u00e7o mais acess\u00edvel? - Chaletsavoie.net : Locations de chalets et appartements","og_description":"Des chalets de 4 \u00e0 16 personnes, \u00e0 15km de Megeve, \u00e0 proximit\u00e9 des pistes de ski et des randonn\u00e9es en \u00e9t\u00e9","og_url":"https:\/\/chaletsavoie.net\/index.php\/pt\/onde-posso-alugar-um-chale-perto-de-megeve-por-um-preco-mais-acessivel\/","og_site_name":"Chaletsavoie.net : Locations de chalets et appartements","article_modified_time":"2026-03-11T17:51:56+00:00","og_image":[{"url":"https:\/\/chaletsavoie.net\/wp-content\/uploads\/2026\/02\/IMG_1648-1024x576.jpg","type":"","width":"","height":""}],"twitter_card":"summary_large_image","twitter_misc":{"Dur\u00e9e de lecture estim\u00e9e":"3 minutes"},"schema":{"@context":"https:\/\/schema.org","@graph":[{"@type":"WebPage","@id":"https:\/\/chaletsavoie.net\/index.php\/pt\/onde-posso-alugar-um-chale-perto-de-megeve-por-um-preco-mais-acessivel\/","url":"https:\/\/chaletsavoie.net\/index.php\/pt\/onde-posso-alugar-um-chale-perto-de-megeve-por-um-preco-mais-acessivel\/","name":"Onde posso alugar um chal\u00e9 perto de Meg\u00e8ve por um pre\u00e7o mais acess\u00edvel? - Chaletsavoie.net : Locations de chalets et appartements","isPartOf":{"@id":"https:\/\/chaletsavoie.net\/#website"},"primaryImageOfPage":{"@id":"https:\/\/chaletsavoie.net\/index.php\/pt\/onde-posso-alugar-um-chale-perto-de-megeve-por-um-preco-mais-acessivel\/#primaryimage"},"image":{"@id":"https:\/\/chaletsavoie.net\/index.php\/pt\/onde-posso-alugar-um-chale-perto-de-megeve-por-um-preco-mais-acessivel\/#primaryimage"},"thumbnailUrl":"https:\/\/chaletsavoie.net\/wp-content\/uploads\/2026\/02\/IMG_1648-1024x576.jpg","datePublished":"2026-03-11T17:35:55+00:00","dateModified":"2026-03-11T17:51:56+00:00","description":"Des chalets de 4 \u00e0 16 personnes, \u00e0 15km de Megeve, \u00e0 proximit\u00e9 des pistes de ski et des randonn\u00e9es en \u00e9t\u00e9","breadcrumb":{"@id":"https:\/\/chaletsavoie.net\/index.php\/pt\/onde-posso-alugar-um-chale-perto-de-megeve-por-um-preco-mais-acessivel\/#breadcrumb"},"inLanguage":"fr-FR","potentialAction":[{"@type":"ReadAction","target":["https:\/\/chaletsavoie.net\/index.php\/pt\/onde-posso-alugar-um-chale-perto-de-megeve-por-um-preco-mais-acessivel\/"]}]},{"@type":"ImageObject","inLanguage":"fr-FR","@id":"https:\/\/chaletsavoie.net\/index.php\/pt\/onde-posso-alugar-um-chale-perto-de-megeve-por-um-preco-mais-acessivel\/#primaryimage","url":"https:\/\/chaletsavoie.net\/wp-content\/uploads\/2026\/02\/IMG_1648-scaled.jpg","contentUrl":"https:\/\/chaletsavoie.net\/wp-content\/uploads\/2026\/02\/IMG_1648-scaled.jpg","width":2560,"height":1440,"caption":"Les chalets d'Heidi"},{"@type":"BreadcrumbList","@id":"https:\/\/chaletsavoie.net\/index.php\/pt\/onde-posso-alugar-um-chale-perto-de-megeve-por-um-preco-mais-acessivel\/#breadcrumb","itemListElement":[{"@type":"ListItem","position":1,"name":"Accueil","item":"https:\/\/www.chaletsavoie.net\/index.php\/fr\/"},{"@type":"ListItem","position":2,"name":"Onde posso alugar um chal\u00e9 perto de Meg\u00e8ve por um pre\u00e7o mais acess\u00edvel?"}]},{"@type":"WebSite","@id":"https:\/\/chaletsavoie.net\/#website","url":"https:\/\/chaletsavoie.net\/","name":"Chaletsavoie : Locations de chalets et appartements","description":"Pour les vacances, Chalets et appartements \u00e0 louer en Savoie, \u00e0 ND de Bellecombe, au coeur de l&#039;Espace Diamant","publisher":{"@id":"https:\/\/chaletsavoie.net\/#organization"},"potentialAction":[{"@type":"SearchAction","target":{"@type":"EntryPoint","urlTemplate":"https:\/\/chaletsavoie.net\/?s={search_term_string}"},"query-input":{"@type":"PropertyValueSpecification","valueRequired":true,"valueName":"search_term_string"}}],"inLanguage":"fr-FR"},{"@type":"Organization","@id":"https:\/\/chaletsavoie.net\/#organization","name":"Chaletsavoie : Locations de chalets et appartements","url":"https:\/\/chaletsavoie.net\/","logo":{"@type":"ImageObject","inLanguage":"fr-FR","@id":"https:\/\/chaletsavoie.net\/#\/schema\/logo\/image\/","url":"https:\/\/chaletsavoie.net\/wp-content\/uploads\/2022\/10\/vue-aerienne-chalets-heidi-2.jpg","contentUrl":"https:\/\/chaletsavoie.net\/wp-content\/uploads\/2022\/10\/vue-aerienne-chalets-heidi-2.jpg","width":1680,"height":705,"caption":"Chaletsavoie : Locations de chalets et appartements"},"image":{"@id":"https:\/\/chaletsavoie.net\/#\/schema\/logo\/image\/"}}]}},"_links":{"self":[{"href":"https:\/\/chaletsavoie.net\/index.php\/wp-json\/wp\/v2\/pages\/1783","targetHints":{"allow":["GET"]}}],"collection":[{"href":"https:\/\/chaletsavoie.net\/index.php\/wp-json\/wp\/v2\/pages"}],"about":[{"href":"https:\/\/chaletsavoie.net\/index.php\/wp-json\/wp\/v2\/types\/page"}],"author":[{"embeddable":true,"href":"https:\/\/chaletsavoie.net\/index.php\/wp-json\/wp\/v2\/users\/1"}],"replies":[{"embeddable":true,"href":"https:\/\/chaletsavoie.net\/index.php\/wp-json\/wp\/v2\/comments?post=1783"}],"version-history":[{"count":2,"href":"https:\/\/chaletsavoie.net\/index.php\/wp-json\/wp\/v2\/pages\/1783\/revisions"}],"predecessor-version":[{"id":1791,"href":"https:\/\/chaletsavoie.net\/index.php\/wp-json\/wp\/v2\/pages\/1783\/revisions\/1791"}],"wp:attachment":[{"href":"https:\/\/chaletsavoie.net\/index.php\/wp-json\/wp\/v2\/media?parent=1783"}],"curies":[{"name":"wp","href":"https:\/\/api.w.org\/{rel}","templated":true}]}}