{"id":6,"date":"2021-09-14T18:36:53","date_gmt":"2021-09-14T16:36:53","guid":{"rendered":"http:\/\/chaletsavoie.net\/?page_id=6"},"modified":"2022-08-24T10:50:10","modified_gmt":"2022-08-24T08:50:10","slug":"bienvenue","status":"publish","type":"page","link":"https:\/\/chaletsavoie.net\/index.php\/fr\/","title":{"rendered":"Accueil"},"content":{"rendered":"<div class=\"n2_clear\"><ss3-force-full-width data-overflow-x=\"body\" data-horizontal-selector=\"body\"><div class=\"n2-section-smartslider fitvidsignore  n2_clear\" data-ssid=\"19\"><div id=\"n2-ss-19-align\" class=\"n2-ss-align\"><div class=\"n2-padding\"><div id=\"n2-ss-19\" data-creator=\"Smart Slider 3\" data-responsive=\"fullwidth\" class=\"n2-ss-slider n2-ow n2-has-hover n2notransition  \"><div class=\"n2-ss-slider-wrapper-inside\">\n        <div class=\"n2-ss-slider-1 n2_ss__touch_element n2-ow\">\n            <div class=\"n2-ss-slider-2 n2-ow\">\n                                                <div class=\"n2-ss-slider-3 n2-ow\">\n\n                    <div class=\"n2-ss-slide-backgrounds n2-ow-all\"><div class=\"n2-ss-slide-background\" data-public-id=\"1\" data-mode=\"fill\"><div class=\"n2-ss-slide-background-image\" data-blur=\"0\" data-opacity=\"100\" data-x=\"50\" data-y=\"50\" data-alt=\"Ext\u00e9rieur des chalets\" data-title=\"\"><picture class=\"skip-lazy\" data-skip-lazy=\"1\"><img decoding=\"async\" src=\"\/\/chaletsavoie.net\/wp-content\/uploads\/2021\/09\/detail-decoration-exterieur-chalet-savoie.jpg\" alt=\"Ext\u00e9rieur des chalets\" title=\"\" loading=\"lazy\" class=\"skip-lazy\" data-skip-lazy=\"1\"><\/picture><\/div><div data-color=\"RGBA(255,255,255,0)\" style=\"background-color: RGBA(255,255,255,0);\" class=\"n2-ss-slide-background-color\"><\/div><\/div><div class=\"n2-ss-slide-background\" data-public-id=\"2\" data-mode=\"fill\" aria-hidden=\"true\"><div class=\"n2-ss-slide-background-image\" data-blur=\"0\" data-opacity=\"100\" data-x=\"50\" data-y=\"50\" data-alt=\"D\u00e9tail d\u00e9coration ext\u00e9rieure\" data-title=\"\"><picture class=\"skip-lazy\" data-skip-lazy=\"1\"><img decoding=\"async\" src=\"\/\/chaletsavoie.net\/wp-content\/uploads\/2021\/09\/chalet10.jpg\" alt=\"D\u00e9tail d\u00e9coration ext\u00e9rieure\" title=\"\" loading=\"lazy\" class=\"skip-lazy\" data-skip-lazy=\"1\"><\/picture><\/div><div data-color=\"RGBA(255,255,255,0)\" style=\"background-color: RGBA(255,255,255,0);\" class=\"n2-ss-slide-background-color\"><\/div><\/div><div class=\"n2-ss-slide-background\" data-public-id=\"3\" data-mode=\"fill\" aria-hidden=\"true\"><div class=\"n2-ss-slide-background-image\" data-blur=\"0\" data-opacity=\"100\" data-x=\"50\" data-y=\"50\" data-alt=\"\" data-title=\"\"><picture class=\"skip-lazy\" data-skip-lazy=\"1\"><img decoding=\"async\" src=\"\/\/chaletsavoie.net\/wp-content\/uploads\/2021\/09\/cropped-panoramique-flocon-neige-sapin.jpg\" alt=\"\" title=\"\" loading=\"lazy\" class=\"skip-lazy\" data-skip-lazy=\"1\"><\/picture><\/div><div data-color=\"RGBA(255,255,255,0)\" style=\"background-color: RGBA(255,255,255,0);\" class=\"n2-ss-slide-background-color\"><\/div><\/div><\/div>                    <div class=\"n2-ss-slider-4 n2-ow\">\n                        <svg xmlns=\"http:\/\/www.w3.org\/2000\/svg\" viewBox=\"0 0 1200 600\" data-related-device=\"desktopPortrait\" class=\"n2-ow n2-ss-preserve-size n2-ss-preserve-size--slider n2-ss-slide-limiter\"><\/svg><div data-first=\"1\" data-slide-duration=\"0\" data-id=\"236\" data-slide-public-id=\"1\" data-title=\"detail-decoration-exterieur-chalet-savoie\" class=\"n2-ss-slide n2-ow  n2-ss-slide-236\"><div role=\"note\" class=\"n2-ss-slide--focus\" tabindex=\"-1\">detail-decoration-exterieur-chalet-savoie<\/div><div class=\"n2-ss-layers-container n2-ss-slide-limiter n2-ow\"><div class=\"n2-ss-layer n2-ow n-uc-YUspUdIHpQkO\" data-sstype=\"slide\" data-pm=\"default\"><\/div><\/div><\/div><div data-slide-duration=\"0\" data-id=\"237\" data-slide-public-id=\"2\" aria-hidden=\"true\" data-title=\"decoration-exterieure-chalet-heidi\" class=\"n2-ss-slide n2-ow  n2-ss-slide-237\"><div role=\"note\" class=\"n2-ss-slide--focus\" tabindex=\"-1\">decoration-exterieure-chalet-heidi<\/div><div class=\"n2-ss-layers-container n2-ss-slide-limiter n2-ow\"><div class=\"n2-ss-layer n2-ow n-uc-CUlYvm6Ajych\" data-sstype=\"slide\" data-pm=\"default\"><\/div><\/div><\/div><div data-slide-duration=\"0\" data-id=\"238\" data-slide-public-id=\"3\" aria-hidden=\"true\" data-title=\"cropped-panoramique-flocon-neige-sapin.jpg\" class=\"n2-ss-slide n2-ow  n2-ss-slide-238\"><div role=\"note\" class=\"n2-ss-slide--focus\" tabindex=\"-1\">cropped-panoramique-flocon-neige-sapin.jpg<\/div><div class=\"n2-ss-layers-container n2-ss-slide-limiter n2-ow\"><div class=\"n2-ss-layer n2-ow n-uc-2TYXW4szC3un\" data-sstype=\"slide\" data-pm=\"default\"><\/div><\/div><\/div>                    <\/div>\n\n                                    <\/div>\n            <\/div>\n        <\/div>\n        <div class=\"n2-ss-slider-controls n2-ss-slider-controls-absolute-left-center\"><div style=\"--widget-offset:15px;\" class=\"n2-ss-widget nextend-arrow n2-ow-all nextend-arrow-previous  nextend-arrow-animated-fade\" data-hide-mobileportrait=\"1\" id=\"n2-ss-19-arrow-previous\" role=\"button\" aria-label=\"previous arrow\" tabindex=\"0\"><img loading=\"lazy\" decoding=\"async\" width=\"32\" height=\"32\" class=\"skip-lazy\" data-skip-lazy=\"1\" src=\"data:image\/svg+xml;base64,PHN2ZyB3aWR0aD0iMzIiIGhlaWdodD0iMzIiIHZpZXdCb3g9IjAgMCAzMiAzMiIgeG1sbnM9Imh0dHA6Ly93d3cudzMub3JnLzIwMDAvc3ZnIj4KICAgIDxwYXRoIGQ9Ik0xMS40MzMgMTUuOTkyTDIyLjY5IDUuNzEyYy4zOTMtLjM5LjM5My0xLjAzIDAtMS40Mi0uMzkzLS4zOS0xLjAzLS4zOS0xLjQyMyAwbC0xMS45OCAxMC45NGMtLjIxLjIxLS4zLjQ5LS4yODUuNzYtLjAxNS4yOC4wNzUuNTYuMjg0Ljc3bDExLjk4IDEwLjk0Yy4zOTMuMzkgMS4wMy4zOSAxLjQyNCAwIC4zOTMtLjQuMzkzLTEuMDMgMC0xLjQybC0xMS4yNTctMTAuMjkiCiAgICAgICAgICBmaWxsPSIjZmZmZmZmIiBvcGFjaXR5PSIwLjgiIGZpbGwtcnVsZT0iZXZlbm9kZCIvPgo8L3N2Zz4=\" alt=\"previous arrow\"><\/div><\/div><div class=\"n2-ss-slider-controls n2-ss-slider-controls-absolute-right-center\"><div style=\"--widget-offset:15px;\" class=\"n2-ss-widget nextend-arrow n2-ow-all nextend-arrow-next  nextend-arrow-animated-fade\" data-hide-mobileportrait=\"1\" id=\"n2-ss-19-arrow-next\" role=\"button\" aria-label=\"next arrow\" tabindex=\"0\"><img loading=\"lazy\" decoding=\"async\" width=\"32\" height=\"32\" class=\"skip-lazy\" data-skip-lazy=\"1\" src=\"data:image\/svg+xml;base64,PHN2ZyB3aWR0aD0iMzIiIGhlaWdodD0iMzIiIHZpZXdCb3g9IjAgMCAzMiAzMiIgeG1sbnM9Imh0dHA6Ly93d3cudzMub3JnLzIwMDAvc3ZnIj4KICAgIDxwYXRoIGQ9Ik0xMC43MjIgNC4yOTNjLS4zOTQtLjM5LTEuMDMyLS4zOS0xLjQyNyAwLS4zOTMuMzktLjM5MyAxLjAzIDAgMS40MmwxMS4yODMgMTAuMjgtMTEuMjgzIDEwLjI5Yy0uMzkzLjM5LS4zOTMgMS4wMiAwIDEuNDIuMzk1LjM5IDEuMDMzLjM5IDEuNDI3IDBsMTIuMDA3LTEwLjk0Yy4yMS0uMjEuMy0uNDkuMjg0LS43Ny4wMTQtLjI3LS4wNzYtLjU1LS4yODYtLjc2TDEwLjcyIDQuMjkzeiIKICAgICAgICAgIGZpbGw9IiNmZmZmZmYiIG9wYWNpdHk9IjAuOCIgZmlsbC1ydWxlPSJldmVub2RkIi8+Cjwvc3ZnPg==\" alt=\"next arrow\"><\/div><\/div><\/div><\/div><ss3-loader><\/ss3-loader><\/div><\/div><div class=\"n2_clear\"><\/div><\/div><\/ss3-force-full-width><\/div>","protected":false},"excerpt":{"rendered":"","protected":false},"author":1,"featured_media":0,"parent":0,"menu_order":1,"comment_status":"closed","ping_status":"closed","template":"","meta":{"footnotes":""},"class_list":["post-6","page","type-page","status-publish","hentry"],"yoast_head":"<!-- This site is optimized with the Yoast SEO plugin v27.4 - https:\/\/yoast.com\/product\/yoast-seo-wordpress\/ -->\n<title>Chaletsavoie.net : Locations de chalets et appartements en Savoie<\/title>\n<meta name=\"description\" content=\"Location de chalets et appartements en Savoie, au coeur de l&#039;espace Diamant et des sentiers de randonn\u00e9e\" \/>\n<meta name=\"robots\" content=\"index, follow, max-snippet:-1, max-image-preview:large, max-video-preview:-1\" \/>\n<link rel=\"canonical\" href=\"https:\/\/chaletsavoie.net\/index.php\/fr\/\" \/>\n<meta property=\"og:locale\" content=\"fr_FR\" \/>\n<meta property=\"og:type\" content=\"article\" \/>\n<meta property=\"og:title\" content=\"Chaletsavoie.net : Locations de chalets et appartements en Savoie\" \/>\n<meta property=\"og:description\" content=\"Location de chalets et appartements en Savoie, au coeur de l&#039;espace Diamant et des sentiers de randonn\u00e9e\" \/>\n<meta property=\"og:url\" content=\"https:\/\/chaletsavoie.net\/index.php\/fr\/\" \/>\n<meta property=\"og:site_name\" content=\"Chaletsavoie.net : Locations de chalets et appartements\" \/>\n<meta property=\"article:modified_time\" content=\"2022-08-24T08:50:10+00:00\" \/>\n<meta name=\"twitter:card\" content=\"summary_large_image\" \/>\n<meta name=\"twitter:label1\" content=\"Dur\u00e9e de lecture estim\u00e9e\" \/>\n\t<meta name=\"twitter:data1\" content=\"1 minute\" \/>\n<script type=\"application\/ld+json\" class=\"yoast-schema-graph\">{\"@context\":\"https:\\\/\\\/schema.org\",\"@graph\":[{\"@type\":\"WebPage\",\"@id\":\"https:\\\/\\\/chaletsavoie.net\\\/index.php\\\/fr\\\/\",\"url\":\"https:\\\/\\\/chaletsavoie.net\\\/index.php\\\/fr\\\/\",\"name\":\"Chaletsavoie.net : Locations de chalets et appartements en Savoie\",\"isPartOf\":{\"@id\":\"https:\\\/\\\/chaletsavoie.net\\\/#website\"},\"datePublished\":\"2021-09-14T16:36:53+00:00\",\"dateModified\":\"2022-08-24T08:50:10+00:00\",\"description\":\"Location de chalets et appartements en Savoie, au coeur de l'espace Diamant et des sentiers de randonn\u00e9e\",\"breadcrumb\":{\"@id\":\"https:\\\/\\\/chaletsavoie.net\\\/index.php\\\/fr\\\/#breadcrumb\"},\"inLanguage\":\"fr-FR\",\"potentialAction\":[{\"@type\":\"ReadAction\",\"target\":[\"https:\\\/\\\/chaletsavoie.net\\\/index.php\\\/fr\\\/\"]}]},{\"@type\":\"BreadcrumbList\",\"@id\":\"https:\\\/\\\/chaletsavoie.net\\\/index.php\\\/fr\\\/#breadcrumb\",\"itemListElement\":[{\"@type\":\"ListItem\",\"position\":1,\"name\":\"Accueil\",\"item\":\"https:\\\/\\\/www.chaletsavoie.net\\\/index.php\\\/fr\\\/\"},{\"@type\":\"ListItem\",\"position\":2,\"name\":\"Accueil\"}]},{\"@type\":\"WebSite\",\"@id\":\"https:\\\/\\\/chaletsavoie.net\\\/#website\",\"url\":\"https:\\\/\\\/chaletsavoie.net\\\/\",\"name\":\"Chaletsavoie : Locations de chalets et appartements\",\"description\":\"Pour les vacances, Chalets et appartements \u00e0 louer en Savoie, \u00e0 ND de Bellecombe, au coeur de l&#039;Espace Diamant\",\"publisher\":{\"@id\":\"https:\\\/\\\/chaletsavoie.net\\\/#organization\"},\"potentialAction\":[{\"@type\":\"SearchAction\",\"target\":{\"@type\":\"EntryPoint\",\"urlTemplate\":\"https:\\\/\\\/chaletsavoie.net\\\/?s={search_term_string}\"},\"query-input\":{\"@type\":\"PropertyValueSpecification\",\"valueRequired\":true,\"valueName\":\"search_term_string\"}}],\"inLanguage\":\"fr-FR\"},{\"@type\":\"Organization\",\"@id\":\"https:\\\/\\\/chaletsavoie.net\\\/#organization\",\"name\":\"Chaletsavoie : Locations de chalets et appartements\",\"url\":\"https:\\\/\\\/chaletsavoie.net\\\/\",\"logo\":{\"@type\":\"ImageObject\",\"inLanguage\":\"fr-FR\",\"@id\":\"https:\\\/\\\/chaletsavoie.net\\\/#\\\/schema\\\/logo\\\/image\\\/\",\"url\":\"https:\\\/\\\/chaletsavoie.net\\\/wp-content\\\/uploads\\\/2022\\\/10\\\/vue-aerienne-chalets-heidi-2.jpg\",\"contentUrl\":\"https:\\\/\\\/chaletsavoie.net\\\/wp-content\\\/uploads\\\/2022\\\/10\\\/vue-aerienne-chalets-heidi-2.jpg\",\"width\":1680,\"height\":705,\"caption\":\"Chaletsavoie : Locations de chalets et appartements\"},\"image\":{\"@id\":\"https:\\\/\\\/chaletsavoie.net\\\/#\\\/schema\\\/logo\\\/image\\\/\"}}]}<\/script>\n<!-- \/ Yoast SEO plugin. -->","yoast_head_json":{"title":"Chaletsavoie.net : Locations de chalets et appartements en Savoie","description":"Location de chalets et appartements en Savoie, au coeur de l'espace Diamant et des sentiers de randonn\u00e9e","robots":{"index":"index","follow":"follow","max-snippet":"max-snippet:-1","max-image-preview":"max-image-preview:large","max-video-preview":"max-video-preview:-1"},"canonical":"https:\/\/chaletsavoie.net\/index.php\/fr\/","og_locale":"fr_FR","og_type":"article","og_title":"Chaletsavoie.net : Locations de chalets et appartements en Savoie","og_description":"Location de chalets et appartements en Savoie, au coeur de l'espace Diamant et des sentiers de randonn\u00e9e","og_url":"https:\/\/chaletsavoie.net\/index.php\/fr\/","og_site_name":"Chaletsavoie.net : Locations de chalets et appartements","article_modified_time":"2022-08-24T08:50:10+00:00","twitter_card":"summary_large_image","twitter_misc":{"Dur\u00e9e de lecture estim\u00e9e":"1 minute"},"schema":{"@context":"https:\/\/schema.org","@graph":[{"@type":"WebPage","@id":"https:\/\/chaletsavoie.net\/index.php\/fr\/","url":"https:\/\/chaletsavoie.net\/index.php\/fr\/","name":"Chaletsavoie.net : Locations de chalets et appartements en Savoie","isPartOf":{"@id":"https:\/\/chaletsavoie.net\/#website"},"datePublished":"2021-09-14T16:36:53+00:00","dateModified":"2022-08-24T08:50:10+00:00","description":"Location de chalets et appartements en Savoie, au coeur de l'espace Diamant et des sentiers de randonn\u00e9e","breadcrumb":{"@id":"https:\/\/chaletsavoie.net\/index.php\/fr\/#breadcrumb"},"inLanguage":"fr-FR","potentialAction":[{"@type":"ReadAction","target":["https:\/\/chaletsavoie.net\/index.php\/fr\/"]}]},{"@type":"BreadcrumbList","@id":"https:\/\/chaletsavoie.net\/index.php\/fr\/#breadcrumb","itemListElement":[{"@type":"ListItem","position":1,"name":"Accueil","item":"https:\/\/www.chaletsavoie.net\/index.php\/fr\/"},{"@type":"ListItem","position":2,"name":"Accueil"}]},{"@type":"WebSite","@id":"https:\/\/chaletsavoie.net\/#website","url":"https:\/\/chaletsavoie.net\/","name":"Chaletsavoie : Locations de chalets et appartements","description":"Pour les vacances, Chalets et appartements \u00e0 louer en Savoie, \u00e0 ND de Bellecombe, au coeur de l&#039;Espace Diamant","publisher":{"@id":"https:\/\/chaletsavoie.net\/#organization"},"potentialAction":[{"@type":"SearchAction","target":{"@type":"EntryPoint","urlTemplate":"https:\/\/chaletsavoie.net\/?s={search_term_string}"},"query-input":{"@type":"PropertyValueSpecification","valueRequired":true,"valueName":"search_term_string"}}],"inLanguage":"fr-FR"},{"@type":"Organization","@id":"https:\/\/chaletsavoie.net\/#organization","name":"Chaletsavoie : Locations de chalets et appartements","url":"https:\/\/chaletsavoie.net\/","logo":{"@type":"ImageObject","inLanguage":"fr-FR","@id":"https:\/\/chaletsavoie.net\/#\/schema\/logo\/image\/","url":"https:\/\/chaletsavoie.net\/wp-content\/uploads\/2022\/10\/vue-aerienne-chalets-heidi-2.jpg","contentUrl":"https:\/\/chaletsavoie.net\/wp-content\/uploads\/2022\/10\/vue-aerienne-chalets-heidi-2.jpg","width":1680,"height":705,"caption":"Chaletsavoie : Locations de chalets et appartements"},"image":{"@id":"https:\/\/chaletsavoie.net\/#\/schema\/logo\/image\/"}}]}},"_links":{"self":[{"href":"https:\/\/chaletsavoie.net\/index.php\/wp-json\/wp\/v2\/pages\/6","targetHints":{"allow":["GET"]}}],"collection":[{"href":"https:\/\/chaletsavoie.net\/index.php\/wp-json\/wp\/v2\/pages"}],"about":[{"href":"https:\/\/chaletsavoie.net\/index.php\/wp-json\/wp\/v2\/types\/page"}],"author":[{"embeddable":true,"href":"https:\/\/chaletsavoie.net\/index.php\/wp-json\/wp\/v2\/users\/1"}],"replies":[{"embeddable":true,"href":"https:\/\/chaletsavoie.net\/index.php\/wp-json\/wp\/v2\/comments?post=6"}],"version-history":[{"count":4,"href":"https:\/\/chaletsavoie.net\/index.php\/wp-json\/wp\/v2\/pages\/6\/revisions"}],"predecessor-version":[{"id":1142,"href":"https:\/\/chaletsavoie.net\/index.php\/wp-json\/wp\/v2\/pages\/6\/revisions\/1142"}],"wp:attachment":[{"href":"https:\/\/chaletsavoie.net\/index.php\/wp-json\/wp\/v2\/media?parent=6"}],"curies":[{"name":"wp","href":"https:\/\/api.w.org\/{rel}","templated":true}]}}